{"id":4265,"date":"2021-07-10T10:12:36","date_gmt":"2021-07-10T10:12:36","guid":{"rendered":"https:\/\/apartma-zara.com\/amenities\/"},"modified":"2026-02-08T16:21:28","modified_gmt":"2026-02-08T16:21:28","slug":"sadrzaji","status":"publish","type":"page","link":"https:\/\/apartma-zara.com\/hr\/sadrzaji\/","title":{"rendered":"Sadr\u017eaji"},"content":{"rendered":"<div class=\"wpb-content-wrapper\"><p>[vc_row][vc_column][vc_column_text css=&#8221;&#8221;]<\/p>\r\n<h1 data-start=\"77\" data-end=\"123\">Sadr\u017eaji apartmana u Hrvatskoj blizu Zadra<\/h1>\r\n<p data-start=\"125\" data-end=\"533\">Apartma Zara nudi sve \u0161to vam je potrebno za opu\u0161taju\u0107i i udoban odmor uz more u Hrvatskoj.<br data-start=\"216\" data-end=\"219\" \/>Gostima su na raspolaganju prostrana terasa s ro\u0161tiljem, potpuno opremljena kuhinja, besplatan Wi-Fi, klima ure\u0111aj, sadr\u017eaji prilago\u0111eni obiteljima i brojne aktivnosti u blizini.<br data-start=\"397\" data-end=\"400\" \/>Na\u0161i sadr\u017eaji osmi\u0161ljeni su za obitelji i grupe koje \u017eele udobnost, privatnost i bezbri\u017ean ljetni odmor u blizini Zadra i otoka Paga.<\/p>\r\n<p>&nbsp;<\/p>\r\n<!-- \/wp:post-content -->\r\n<p><!-- wp:paragraph --><img decoding=\"async\" class=\"alignnone wp-image-3241 size-full\" src=\"https:\/\/apartma-zara.com\/wp-content\/uploads\/2025\/05\/apartma-zara-bbq-and-big-outdoor-table.webp\" alt=\"Outdoor BBQ terrace at Apartma Zara apartment Croatia \" width=\"800\" height=\"522\" srcset=\"https:\/\/apartma-zara.com\/wp-content\/uploads\/2025\/05\/apartma-zara-bbq-and-big-outdoor-table.webp 800w, https:\/\/apartma-zara.com\/wp-content\/uploads\/2025\/05\/apartma-zara-bbq-and-big-outdoor-table-300x196.webp 300w, https:\/\/apartma-zara.com\/wp-content\/uploads\/2025\/05\/apartma-zara-bbq-and-big-outdoor-table-768x501.webp 768w, https:\/\/apartma-zara.com\/wp-content\/uploads\/2025\/05\/apartma-zara-bbq-and-big-outdoor-table-720x470.webp 720w, https:\/\/apartma-zara.com\/wp-content\/uploads\/2025\/05\/apartma-zara-bbq-and-big-outdoor-table-80x52.webp 80w\" sizes=\"(max-width: 800px) 100vw, 800px\" \/><\/p>\r\n<h2 data-start=\"535\" data-end=\"563\">Vanjski ro\u0161tilj i terasa<\/h2>\r\n<p data-start=\"564\" data-end=\"716\">U\u017eivajte u toplim ljetnim ve\u010derima na velikoj terasi s tradicionalnim kamenim ro\u0161tiljem \u2013 savr\u0161eno za obiteljske ve\u010dere i opu\u0161tanje nakon dana na pla\u017ei.<\/p>\r\n<p>&nbsp;<\/p>\r\n<!-- wp:paragraph -->\r\n<h3><strong><img decoding=\"async\" class=\"alignnone wp-image-3248 size-full\" src=\"https:\/\/apartma-zara.com\/wp-content\/uploads\/2025\/05\/Rtina-beach.webp\" alt=\"Rtina village near Zadar Croatia aerial view near Apartma Zara \" width=\"800\" height=\"522\" srcset=\"https:\/\/apartma-zara.com\/wp-content\/uploads\/2025\/05\/Rtina-beach.webp 800w, https:\/\/apartma-zara.com\/wp-content\/uploads\/2025\/05\/Rtina-beach-300x196.webp 300w, https:\/\/apartma-zara.com\/wp-content\/uploads\/2025\/05\/Rtina-beach-768x501.webp 768w, https:\/\/apartma-zara.com\/wp-content\/uploads\/2025\/05\/Rtina-beach-720x470.webp 720w, https:\/\/apartma-zara.com\/wp-content\/uploads\/2025\/05\/Rtina-beach-80x52.webp 80w\" sizes=\"(max-width: 800px) 100vw, 800px\" \/><\/strong><\/h3>\r\n<h2 data-start=\"718\" data-end=\"747\">Pla\u017ee i kupanje u blizini<\/h2>\r\n<p data-start=\"748\" data-end=\"894\">Kristalno \u010disto Jadransko more i obiteljske pla\u017ee nalaze se na kratkoj udaljenosti od apartmana. Idealno za kupanje, sun\u010danje i vodene aktivnosti.<\/p>\r\n<p>&nbsp;<\/p>\r\n<p><img decoding=\"async\" class=\"alignnone wp-image-3245 size-full\" src=\"https:\/\/apartma-zara.com\/wp-content\/uploads\/2025\/05\/apartma-zara-game-room.webp\" alt=\"Dining area in family apartment Apartma Zara Croatia \" width=\"800\" height=\"522\" srcset=\"https:\/\/apartma-zara.com\/wp-content\/uploads\/2025\/05\/apartma-zara-game-room.webp 800w, https:\/\/apartma-zara.com\/wp-content\/uploads\/2025\/05\/apartma-zara-game-room-300x196.webp 300w, https:\/\/apartma-zara.com\/wp-content\/uploads\/2025\/05\/apartma-zara-game-room-768x501.webp 768w, https:\/\/apartma-zara.com\/wp-content\/uploads\/2025\/05\/apartma-zara-game-room-720x470.webp 720w, https:\/\/apartma-zara.com\/wp-content\/uploads\/2025\/05\/apartma-zara-game-room-80x52.webp 80w\" sizes=\"(max-width: 800px) 100vw, 800px\" \/><\/p>\r\n<h2 data-start=\"896\" data-end=\"937\">Prostor prilago\u0111en obiteljima i djeci<\/h2>\r\n<p data-start=\"938\" data-end=\"1044\">Obitelji s djecom su dobrodo\u0161le. Apartman nudi prostor za igru, opu\u0161tanje i kvalitetno obiteljsko vrijeme.<\/p>\r\n<p>&nbsp;<\/p>\r\n<p><img decoding=\"async\" class=\"alignnone wp-image-2346 size-full\" src=\"https:\/\/apartma-zara.com\/wp-content\/uploads\/2021\/07\/Amenities-800x522-4.png\" alt=\"Restaurant and evening atmosphere near Apartma Zara Croatia \" width=\"800\" height=\"522\" srcset=\"https:\/\/apartma-zara.com\/wp-content\/uploads\/2021\/07\/Amenities-800x522-4.png 800w, https:\/\/apartma-zara.com\/wp-content\/uploads\/2021\/07\/Amenities-800x522-4-300x196.png 300w, https:\/\/apartma-zara.com\/wp-content\/uploads\/2021\/07\/Amenities-800x522-4-768x501.png 768w, https:\/\/apartma-zara.com\/wp-content\/uploads\/2021\/07\/Amenities-800x522-4-720x470.png 720w, https:\/\/apartma-zara.com\/wp-content\/uploads\/2021\/07\/Amenities-800x522-4-80x52.png 80w\" sizes=\"(max-width: 800px) 100vw, 800px\" \/><\/p>\r\n<h2 data-start=\"1046\" data-end=\"1077\">Restorani i lokalna kuhinja<\/h2>\r\n<p data-start=\"1078\" data-end=\"1222\">Nekoliko restorana i kamp naselje nalaze se manje od 10 minuta od apartmana te nude dalmatinske specijalitete, morske plodove i ve\u010dernju zabavu.<\/p>\r\n<p data-start=\"1078\" data-end=\"1222\">\u00a0<\/p>\r\n<p><img decoding=\"async\" class=\"alignnone wp-image-3243 size-full\" src=\"https:\/\/apartma-zara.com\/wp-content\/uploads\/2025\/05\/apartma-zara-big-kitchen.webp\" alt=\"Fully equipped kitchen in Apartma Zara apartment Croatia \" width=\"800\" height=\"522\" srcset=\"https:\/\/apartma-zara.com\/wp-content\/uploads\/2025\/05\/apartma-zara-big-kitchen.webp 800w, https:\/\/apartma-zara.com\/wp-content\/uploads\/2025\/05\/apartma-zara-big-kitchen-300x196.webp 300w, https:\/\/apartma-zara.com\/wp-content\/uploads\/2025\/05\/apartma-zara-big-kitchen-768x501.webp 768w, https:\/\/apartma-zara.com\/wp-content\/uploads\/2025\/05\/apartma-zara-big-kitchen-720x470.webp 720w, https:\/\/apartma-zara.com\/wp-content\/uploads\/2025\/05\/apartma-zara-big-kitchen-80x52.webp 80w\" sizes=\"(max-width: 800px) 100vw, 800px\" \/><\/p>\r\n<h2 data-start=\"1224\" data-end=\"1235\">Kuhinja<\/h2>\r\n<p data-start=\"1236\" data-end=\"1365\">Potpuno opremljena kuhinja sa svime potrebnim za pripremu obroka, uklju\u010duju\u0107i pe\u0107nicu, \u0161tednjak, hladnjak, posu\u0111e i blagovaonicu.<\/p>\r\n<!-- \/wp:paragraph -->\r\n<p>&nbsp;<\/p>\r\n<p>[\/vc_column_text][\/vc_column][\/vc_row]<\/p><\/div>","protected":false},"excerpt":{"rendered":"<p>[vc_row][vc_column][vc_column_text css=&#8221;&#8221;] Sadr\u017eaji apartmana u Hrvatskoj blizu Zadra Apartma Zara nudi sve \u0161to vam je potrebno za opu\u0161taju\u0107i i udoban odmor uz more u Hrvatskoj.Gostima su na raspolaganju prostrana terasa s ro\u0161tiljem, potpuno opremljena kuhinja, besplatan Wi-Fi, klima ure\u0111aj, sadr\u017eaji prilago\u0111eni obiteljima i brojne aktivnosti u blizini.Na\u0161i sadr\u017eaji osmi\u0161ljeni su za obitelji i grupe koje [&hellip;]<\/p>\n","protected":false},"author":1,"featured_media":0,"parent":0,"menu_order":0,"comment_status":"closed","ping_status":"closed","template":"","meta":{"footnotes":""},"class_list":["post-4265","page","type-page","status-publish","hentry"],"_links":{"self":[{"href":"https:\/\/apartma-zara.com\/hr\/wp-json\/wp\/v2\/pages\/4265","targetHints":{"allow":["GET"]}}],"collection":[{"href":"https:\/\/apartma-zara.com\/hr\/wp-json\/wp\/v2\/pages"}],"about":[{"href":"https:\/\/apartma-zara.com\/hr\/wp-json\/wp\/v2\/types\/page"}],"author":[{"embeddable":true,"href":"https:\/\/apartma-zara.com\/hr\/wp-json\/wp\/v2\/users\/1"}],"replies":[{"embeddable":true,"href":"https:\/\/apartma-zara.com\/hr\/wp-json\/wp\/v2\/comments?post=4265"}],"version-history":[{"count":0,"href":"https:\/\/apartma-zara.com\/hr\/wp-json\/wp\/v2\/pages\/4265\/revisions"}],"wp:attachment":[{"href":"https:\/\/apartma-zara.com\/hr\/wp-json\/wp\/v2\/media?parent=4265"}],"curies":[{"name":"wp","href":"https:\/\/api.w.org\/{rel}","templated":true}]}}