{"id":4264,"date":"2021-07-10T10:39:51","date_gmt":"2021-07-10T10:39:51","guid":{"rendered":"https:\/\/apartma-zara.com\/faq\/"},"modified":"2026-02-09T17:10:35","modified_gmt":"2026-02-09T17:10:35","slug":"faq","status":"publish","type":"page","link":"https:\/\/apartma-zara.com\/hr\/faq\/","title":{"rendered":"\u010cesto postavljana pitanja \u2013 Apartma Zara Hrvatska"},"content":{"rendered":"<div class=\"wpb-content-wrapper\"><p>[vc_row][vc_column width=&#8221;1\/2&#8243;][vc_single_image image=&#8221;3321&#8243; img_size=&#8221;full&#8221; alignment=&#8221;center&#8221;][\/vc_column][vc_column width=&#8221;1\/2&#8243;][vc_toggle title=&#8221;Koliko je apartman udaljen od pla\u017ee?&#8221; css=&#8221;&#8221;]Pla\u017ea je udaljena samo nekoliko minuta hoda (oko 200 metara). Idealno za obitelji s djecom i opu\u0161tene ljetne dane.[\/vc_toggle][vc_toggle title=&#8221;Koliko gostiju mo\u017ee boraviti u apartmanu?&#8221; css=&#8221;&#8221;]<\/p>\n<p data-start=\"723\" data-end=\"863\">Apartma Zara mo\u017ee udobno ugostiti do 8 gostiju. Apartman ima 4 spava\u0107e sobe i 2 kupaonice, \u0161to ga \u010dini idealnim za obitelji i grupe.<\/p>\n<p>[\/vc_toggle][vc_toggle title=&#8221;Je li apartman pogodan za obitelji s djecom?&#8221; css=&#8221;&#8221;]<\/p>\n<p data-start=\"928\" data-end=\"1059\">Da \ud83d\ude42 Apartman je prilago\u0111en obiteljima, s prostranim unutarnjim i vanjskim prostorima, terasom, ro\u0161tiljem i pla\u017eama u blizini pogodnim za djecu.<\/p>\n<p>[\/vc_toggle][vc_toggle title=&#8221;Je li parking dostupan?&#8221; css=&#8221;&#8221;]<\/p>\n<p data-start=\"1092\" data-end=\"1146\">Da, gostima je osiguran besplatan privatni parking.<\/p>\n<p>[\/vc_toggle][vc_toggle title=&#8221;Ima li apartman Wi-Fi i klima ure\u0111aj?&#8221; css=&#8221;&#8221;]Da. Apartman nudi besplatan Wi-Fi i klima ure\u0111aj za ugodan boravak.[\/vc_toggle][vc_toggle title=&#8221;Jesu li ku\u0107ni ljubimci dopu\u0161teni?&#8221; css=&#8221;&#8221;]<\/p>\n<p data-start=\"1323\" data-end=\"1385\">Ku\u0107ni ljubimci su dobrodo\u0161li na upit. Molimo kontaktirajte nas prije rezervacije.<\/p>\n<p>[\/vc_toggle][vc_toggle title=&#8221;Koje je vrijeme prijave i odjave?&#8221; css=&#8221;&#8221;]Prijava: od 15:00<br data-start=\"981\" data-end=\"984\" \/>Odjava: do 10:00[\/vc_toggle][vc_toggle title=&#8221;Koliko je apartman udaljen od Zadra?&#8221; css=&#8221;&#8221;]Zadar je udaljen oko 20 minuta vo\u017enje automobilom i nudi povijesne znamenitosti, restorane i no\u0107ni \u017eivot.[\/vc_toggle][vc_toggle title=&#8221;Iznajmljuje li se apartman u cijelosti?&#8221; css=&#8221;&#8221;]<\/p>\n<p data-start=\"1674\" data-end=\"1753\">Da. Gosti uvijek iznajmljuju cijeli apartman, \u0161to osigurava privatnost i udobnost.<\/p>\n<p>[\/vc_toggle][\/vc_column][\/vc_row]<\/p>\n<\/div>","protected":false},"excerpt":{"rendered":"<p>[vc_row][vc_column width=&#8221;1\/2&#8243;][vc_single_image image=&#8221;3321&#8243; img_size=&#8221;full&#8221; alignment=&#8221;center&#8221;][\/vc_column][vc_column width=&#8221;1\/2&#8243;][vc_toggle title=&#8221;Koliko je apartman udaljen od pla\u017ee?&#8221; css=&#8221;&#8221;]Pla\u017ea je udaljena samo nekoliko minuta hoda (oko 200 metara). Idealno za obitelji s djecom i opu\u0161tene ljetne dane.[\/vc_toggle][vc_toggle title=&#8221;Koliko gostiju mo\u017ee boraviti u apartmanu?&#8221; css=&#8221;&#8221;] Apartma Zara mo\u017ee udobno ugostiti do 8 gostiju. Apartman ima 4 spava\u0107e sobe i 2 kupaonice, \u0161to [&hellip;]<\/p>\n","protected":false},"author":1,"featured_media":0,"parent":0,"menu_order":0,"comment_status":"closed","ping_status":"closed","template":"","meta":{"footnotes":""},"class_list":["post-4264","page","type-page","status-publish","hentry"],"_links":{"self":[{"href":"https:\/\/apartma-zara.com\/hr\/wp-json\/wp\/v2\/pages\/4264","targetHints":{"allow":["GET"]}}],"collection":[{"href":"https:\/\/apartma-zara.com\/hr\/wp-json\/wp\/v2\/pages"}],"about":[{"href":"https:\/\/apartma-zara.com\/hr\/wp-json\/wp\/v2\/types\/page"}],"author":[{"embeddable":true,"href":"https:\/\/apartma-zara.com\/hr\/wp-json\/wp\/v2\/users\/1"}],"replies":[{"embeddable":true,"href":"https:\/\/apartma-zara.com\/hr\/wp-json\/wp\/v2\/comments?post=4264"}],"version-history":[{"count":2,"href":"https:\/\/apartma-zara.com\/hr\/wp-json\/wp\/v2\/pages\/4264\/revisions"}],"predecessor-version":[{"id":4516,"href":"https:\/\/apartma-zara.com\/hr\/wp-json\/wp\/v2\/pages\/4264\/revisions\/4516"}],"wp:attachment":[{"href":"https:\/\/apartma-zara.com\/hr\/wp-json\/wp\/v2\/media?parent=4264"}],"curies":[{"name":"wp","href":"https:\/\/api.w.org\/{rel}","templated":true}]}}