{"id":4262,"date":"2021-07-17T10:40:10","date_gmt":"2021-07-17T10:40:10","guid":{"rendered":"https:\/\/apartma-zara.com\/house-rules\/"},"modified":"2026-02-09T17:53:23","modified_gmt":"2026-02-09T17:53:23","slug":"house-rules","status":"publish","type":"page","link":"https:\/\/apartma-zara.com\/hr\/house-rules\/","title":{"rendered":"House Rules"},"content":{"rendered":"<div class=\"wpb-content-wrapper\"><p>[vc_row][vc_column][vc_column_text css=&#8221;&#8221;]<\/p>\r\n<h1 data-start=\"84\" data-end=\"106\">Ku\u0107ni red apartmana<\/h1>\r\n<h2 data-start=\"108\" data-end=\"170\">Molimo odvojite trenutak i pro\u010ditajte ku\u0107ni red prije dolaska.<\/h2>\r\n<!-- \/wp:post-content -->\r\n<p><!-- wp:paragraph --> <img decoding=\"async\" class=\"alignnone wp-image-2635 size-large\" src=\"https:\/\/apartma-zara.com\/wp-content\/uploads\/2021\/07\/House-rules-1024x576.png\" alt=\"\" width=\"1024\" height=\"576\" srcset=\"https:\/\/apartma-zara.com\/wp-content\/uploads\/2021\/07\/House-rules-1024x576.png 1024w, https:\/\/apartma-zara.com\/wp-content\/uploads\/2021\/07\/House-rules-300x169.png 300w, https:\/\/apartma-zara.com\/wp-content\/uploads\/2021\/07\/House-rules-768x432.png 768w, https:\/\/apartma-zara.com\/wp-content\/uploads\/2021\/07\/House-rules-80x45.png 80w, https:\/\/apartma-zara.com\/wp-content\/uploads\/2021\/07\/House-rules-1536x864.png 1536w, https:\/\/apartma-zara.com\/wp-content\/uploads\/2021\/07\/House-rules.png 1920w\" sizes=\"(max-width: 1024px) 100vw, 1024px\" \/><\/p>\r\n<!-- \/wp:paragraph -->\r\n<p>&nbsp;<\/p>\r\n<!-- wp:preformatted -->\r\n<ul>\r\n<li class=\"wp-block-preformatted\">\r\n<p data-start=\"172\" data-end=\"251\">Molimo pro\u010ditajte ku\u0107ni red apartmana prije boravka u Apartma Zara u Hrvatskoj.<\/p>\r\n<h3 data-start=\"253\" data-end=\"275\">PRIJAVA \/ ODJAVA<\/h3>\r\n<p data-start=\"276\" data-end=\"314\">Prijava: od 15:00<br data-start=\"293\" data-end=\"296\" \/>Odjava: do 10:00<\/p>\r\n<h3 data-start=\"316\" data-end=\"337\">TIJEKOM BORAVKA<\/h3>\r\n<p data-start=\"338\" data-end=\"598\">\u2022 Molimo po\u0161tujte susjede i smanjite buku tijekom no\u0107i<br data-start=\"392\" data-end=\"395\" \/>\u2022 Zabave i glasna doga\u0111anja nisu dopu\u0161teni<br data-start=\"437\" data-end=\"440\" \/>\u2022 Pu\u0161enje je dopu\u0161teno samo na terasi i u vanjskim prostorima<br data-start=\"501\" data-end=\"504\" \/>\u2022 Ku\u0107ni ljubimci su dobrodo\u0161li na upit<br data-start=\"542\" data-end=\"545\" \/>\u2022 Molimo vas da apartman tretirate kao vlastiti dom<\/p>\r\n<h3 data-start=\"600\" data-end=\"611\">\u0160TETE<\/h3>\r\n<p data-start=\"612\" data-end=\"668\">Gosti su odgovorni za svu \u0161tetu nastalu tijekom boravka.<\/p>\r\n<p data-start=\"670\" data-end=\"757\">Hvala vam na razumijevanju i brizi za na\u0161 dom.<br data-start=\"716\" data-end=\"719\" \/>\u017delimo vam ugodan odmor \u2600\ufe0f<\/p>\r\n<\/li>\r\n<\/ul>\r\n<p><!-- \/wp:preformatted -->\u00a0<\/p>\r\n<!-- \/wp:paragraph -->\r\n<p>&nbsp;<\/p>\r\n<p>[\/vc_column_text][\/vc_column][\/vc_row]<\/p><\/div>","protected":false},"excerpt":{"rendered":"<p>[vc_row][vc_column][vc_column_text css=&#8221;&#8221;] Ku\u0107ni red apartmana Molimo odvojite trenutak i pro\u010ditajte ku\u0107ni red prije dolaska. &nbsp; Molimo pro\u010ditajte ku\u0107ni red apartmana prije boravka u Apartma Zara u Hrvatskoj. PRIJAVA \/ ODJAVA Prijava: od 15:00Odjava: do 10:00 TIJEKOM BORAVKA \u2022 Molimo po\u0161tujte susjede i smanjite buku tijekom no\u0107i\u2022 Zabave i glasna doga\u0111anja nisu dopu\u0161teni\u2022 Pu\u0161enje je dopu\u0161teno [&hellip;]<\/p>\n","protected":false},"author":1,"featured_media":2818,"parent":0,"menu_order":0,"comment_status":"closed","ping_status":"closed","template":"","meta":{"footnotes":""},"class_list":["post-4262","page","type-page","status-publish","has-post-thumbnail","hentry"],"_links":{"self":[{"href":"https:\/\/apartma-zara.com\/hr\/wp-json\/wp\/v2\/pages\/4262","targetHints":{"allow":["GET"]}}],"collection":[{"href":"https:\/\/apartma-zara.com\/hr\/wp-json\/wp\/v2\/pages"}],"about":[{"href":"https:\/\/apartma-zara.com\/hr\/wp-json\/wp\/v2\/types\/page"}],"author":[{"embeddable":true,"href":"https:\/\/apartma-zara.com\/hr\/wp-json\/wp\/v2\/users\/1"}],"replies":[{"embeddable":true,"href":"https:\/\/apartma-zara.com\/hr\/wp-json\/wp\/v2\/comments?post=4262"}],"version-history":[{"count":3,"href":"https:\/\/apartma-zara.com\/hr\/wp-json\/wp\/v2\/pages\/4262\/revisions"}],"predecessor-version":[{"id":4533,"href":"https:\/\/apartma-zara.com\/hr\/wp-json\/wp\/v2\/pages\/4262\/revisions\/4533"}],"wp:featuredmedia":[{"embeddable":true,"href":"https:\/\/apartma-zara.com\/hr\/wp-json\/wp\/v2\/media\/2818"}],"wp:attachment":[{"href":"https:\/\/apartma-zara.com\/hr\/wp-json\/wp\/v2\/media?parent=4262"}],"curies":[{"name":"wp","href":"https:\/\/api.w.org\/{rel}","templated":true}]}}