{"id":4240,"date":"2018-02-18T10:21:32","date_gmt":"2018-02-18T10:21:32","guid":{"rendered":"https:\/\/apartma-zara.com\/home-page-3\/"},"modified":"2026-02-08T07:51:55","modified_gmt":"2026-02-08T07:51:55","slug":"home-page-3","status":"publish","type":"page","link":"https:\/\/apartma-zara.com\/de\/home-page-3\/","title":{"rendered":"Home Page 3"},"content":{"rendered":"<div class=\"wpb-content-wrapper\"><p>[vc_row full_width=&#8221;stretch_row_content&#8221;][vc_column][rev_slider_vc alias=&#8221;rev-slider-3&#8243; el_class=&#8221;color-overlay-slider&#8221;][\/vc_column][\/vc_row][vc_row][vc_column]<div class=\"hbf-2 over-slider\">\n  <div class=\"inner\">\n    <!--START FORM-->\n    <form id=\"search-form\" class=\"search-form\" action=\"https:\/\/apartma-zara.com\/search\/\" method=\"get\" target=\"_self\">\n      <div class=\"row\">\n        <!-- Custom Parameters -->\n        \r\n        <!-- Check-In\/Out-->\n        <div class=\"col-md-4\">\n        <div class=\"eb-field-group\">\r\n   <label>Check In\/Out<\/label>\r\n   <input type=\"text\" class=\"eb-datepicker eb-field\" placeholder=\"Check In &nbsp;&nbsp;\u2192&nbsp;&nbsp; Check Out\" value=\"\" autocomplete=\"off\" readonly>\r\n   <input type=\"hidden\" class=\"eb_checkin\"  name=\"eb_checkin\">\r\n   <input type=\"hidden\" class=\"eb_checkout\"  name=\"eb_checkout\">\r\n<\/div>\r\n\r\n        <\/div>\n        <!-- Guests -->\n        <div class=\"col-md-4\"\">\n        <div class=\"eb-field-group\">\r\n  <label>Guests<\/label>\r\n  <div class=\"eb-guestspicker eb-field\">\r\n\r\n    <div class=\"guestspicker\">\r\n      Guests <span class=\"gueststotal\">1<\/span>\r\n    <\/div>\r\n\r\n    <div class=\"eb-guestspicker-content\">\r\n\r\n      \r\n        <div class=\"guests-buttons\">\r\n          <div class=\"description\">\r\n            <label>Adults<\/label>\r\n                          <div class=\"ages\">Ages 18+ <\/div>\r\n                      <\/div>\r\n          <div class=\"guests-button\">\r\n            <div class=\"minus\"><\/div>\r\n            <input type=\"text\" id=\"eagle_booking_adults\" name=\"eb_adults\" class=\"booking-guests\" value=\"1\" data-min=\"1\" data-max=\"4\">\r\n            <div class=\"plus\"><\/div>\r\n          <\/div>\r\n        <\/div>\r\n\r\n        <div class=\"guests-buttons\">\r\n          <div class=\"description\">\r\n            <label>Children<\/label>\r\n                        <div class=\"ages\">Ages 4 - 18<\/div>\r\n                      <\/div>\r\n          <div class=\"guests-button\">\r\n            <div class=\"minus\"><\/div>\r\n            <input type=\"text\" id =\"eagle_booking_children\" name=\"eb_children\" class=\"booking-guests\" value=\"0\" data-min=\"0\" data-max=\"4\">\r\n            <div class=\"plus\"><\/div>\r\n          <\/div>\r\n        <\/div>\r\n\r\n      \r\n    <\/div>\r\n  <\/div>\r\n<\/div>\r\n        <\/div>\n\n        <!-- Branches -->\n        \n        <!-- Buttom -->\n        <div class=\"col-md-4\"\">\n          <button id=\"eb_search_form\" class=\"button eb-btn\" type=\"submit\">\n            <span class=\"eb-btn-text\">Check Availability<\/span>\n          <\/button>\n        <\/div>\n      <\/div>\n    <\/form>\n  <\/div>\n<\/div>\n[\/vc_column][\/vc_row][vc_row full_width=&#8221;stretch_row&#8221; css=&#8221;.vc_custom_1532251525354{border-bottom-width: 1px !important;padding-top: 100px !important;padding-bottom: 100px !important;border-bottom-color: #f2f2f2 !important;border-bottom-style: solid !important;}&#8221;][vc_column width=&#8221;1\/2&#8243;]\t\t\t<div\r\n\t\t\t\tclass=\"main_title  text-left  \">\r\n\t\t\t\t<h2 class=\"title\">HOTEL ZANTE SINCE 1992<\/h2>\r\n\t\t\t\t\t\t\t\t\t<p class=\"main_description\">High quality accommodation services<\/p>\r\n\t\t\t\t\t\t\t<\/div>\r\n\t\t[vc_column_text]Lorem ipsum dolor sit amet, consectetuer adipiscing elit, sed diam nonummy nibh euismod tincidunt ut laoreet dolore magna aliquam erat volutpat. Ut wisi enim ad minim veniam, quis nostrud exerci tation ullamcorper suscipit lobortis nisl ut aliquip ex ea commodo consequat.<\/p>\n<p>Nam liber tempor cum soluta nobis eleifend option congue nihil imperdiet doming id quod mazim placerat facer possim assum. Typi non habent claritatem insitam; est usus legentis in iis qui facit eorum claritatem.<\/p>\n<p>[\/vc_column_text][\/vc_column][vc_column width=&#8221;1\/2&#8243;]\r\n        <div class=\"image-3d-effect\">\r\n          <div class=\"side left\"><\/div>\r\n          <div class=\"side right\"><\/div>\r\n          <div class=\"images\">\r\n                        <div class=\"front-image\" style=\"background-image: url(https:\/\/apartma-zara.com\/wp-content\/uploads\/2018\/07\/about2.jpg)\"><\/div>\r\n                                    <div class=\"back-image\" style=\"background-image: url(https:\/\/apartma-zara.com\/wp-content\/uploads\/2018\/07\/about1.jpg)\"><\/div>\r\n                      <\/div>\r\n        <\/div>\r\n\r\n\r\n\r\n        [\/vc_column][\/vc_row][vc_row full_width=&#8221;stretch_row&#8221; css=&#8221;.vc_custom_1531729428072{padding-top: 100px !important;padding-bottom: 70px !important;}&#8221;][vc_column]\t\t\t<div\r\n\t\t\t\tclass=\"main_title  text-left  \">\r\n\t\t\t\t<h2 class=\"title\">OUR FAVORITE ROOMS<\/h2>\r\n\t\t\t\t\t\t\t\t\t<p class=\"main_description\">Check out now our best rooms<\/p>\r\n\t\t\t\t\t\t\t<\/div>\r\n\t\t\n            <div class=\"row flex-row\">\n\t                                      <!-- Room Item -->\n                      <div class=\"col-lg-4 col-sm-6\">\n\n                      \r\n<div class=\"room-item \">\r\n\r\n    <figure class=\"room-image gradient-overlay overlay-opacity-02 slide-right-hover\">\r\n        <div class=\"room-price\"><span class=\"normal-price\"><strong><span class=\"price-currency\">\u20ac<\/span><span class=\"price-amount\">160,00<\/span><\/strong><\/span><span class=\"per-night-text\">  \/ night<\/span><\/div>        <a href=\"https:\/\/apartma-zara.com\/de\/rooms\/family-apartment-german\/\">\r\n            <img decoding=\"async\" src=\"https:\/\/apartma-zara.com\/wp-content\/uploads\/2025\/05\/apartma-zara-room-720x470.webp\" alt=\"Ganze Wohnung\">\r\n        <\/a>\r\n    <\/figure>\r\n\r\n    <div class=\"room-details\">\r\n\r\n        <h3 class=\"room-title\">\r\n            <a href=\"https:\/\/apartma-zara.com\/de\/rooms\/family-apartment-german\/\">Ganze Wohnung<\/a>\r\n        <\/h3>\r\n\r\n        \r\n    <\/div>\r\n\r\n<\/div>\n                    <\/div>\n\t                \t                            <\/div>\n\n        [\/vc_column][\/vc_row][vc_row full_width=&#8221;stretch_row&#8221; css=&#8221;.vc_custom_1531851859143{border-top-width: 1px !important;border-bottom-width: 1px !important;padding-top: 100px !important;padding-bottom: 100px !important;background-color: #f1f0ed !important;border-top-color: #ebeae9 !important;border-top-style: solid !important;border-bottom-color: #ebeae9 !important;border-bottom-style: solid !important;}&#8221;][vc_column]\t\t\t<div\r\n\t\t\t\tclass=\"main_title  text-left  \">\r\n\t\t\t\t<h2 class=\"title\">OUR AWESOME SERVICES<\/h2>\r\n\t\t\t\t\t\t\t\t\t<p class=\"main_description\">Check out our awesome services<\/p>\r\n\t\t\t\t\t\t\t<\/div>\r\n\t\t\n    \n<script>\njQuery(function ($) {\n\n  \/\/ -----------------------------\n  \/\/  SETTINGS\n  \/\/ -----------------------------\n  const settings = {\n      autoplay: true,\n      autoplaySpeed: 4000,\n      servicesTransition: 'slide' \/\/ 'fade' \u03ae 'slide'\n  };\n  \/\/ -----------------------------\n\n  const $root   = $(\"#features-slider-s8Vk6\");\n  const $main   = $root.find(\".slider-main-image\");\n  const $items  = $main.find(\".slider-main-item\");\n  const $thumbs = $root.find(\".slider-thumbs-item\");\n\n  if ($items.length === 0 || $thumbs.length === 0) return;\n\n  let current = 0;\n  let autoplayTimer = null;\n  const isSlide = (settings.servicesTransition === 'slide');\n\n  \/\/ -----------------------------\n  \/\/  FIXED HEIGHT (\u03bc\u03af\u03b1 \u03c6\u03bf\u03c1\u03ac)\n  \/\/ -----------------------------\n  function setMainHeight() {\n      let maxH = 0;\n      $items.each(function () {\n          const h = $(this).find('img').height();\n          if (h > maxH) maxH = h;\n      });\n      if (maxH > 0) {\n          $main.height(maxH);\n      }\n  }\n\n  \/\/ \u03b1\u03bd \u03bf\u03b9 \u03b5\u03b9\u03ba\u03cc\u03bd\u03b5\u03c2 \u03b5\u03af\u03bd\u03b1\u03b9 cached, height \u03b8\u03b1 \u03c5\u03c0\u03ac\u03c1\u03c7\u03b5\u03b9 \u03ae\u03b4\u03b7, \u03b1\u03bb\u03bb\u03b9\u03ce\u03c2 \u03c3\u03c4\u03bf load\n  setMainHeight();\n  $(window).on('load', setMainHeight);\n\n  \/\/ -----------------------------\n  \/\/  SHOW SLIDE\n  \/\/ -----------------------------\n  function showSlide(index, userTriggered = false) {\n      const total = $items.length;\n      if (index < 0) index = total - 1;\n      if (index >= total) index = 0;\n      if (index === current) return;\n\n      const prev = current;\n      current = index;\n\n      \/\/ thumbs active\n      $thumbs.removeClass('active').eq(index).addClass('active');\n\n      const $currentItem = $items.eq(prev);\n      const $nextItem    = $items.eq(index);\n\n      if (isSlide) {\n          \/\/ --------- S L I D E  (\u03bf\u03c1\u03b9\u03b6\u03cc\u03bd\u03c4\u03b9\u03bf) ---------\n          const direction = (index > prev) ? 1 : -1; \/\/ 1 = \u03c0\u03ac\u03b5\u03b9 \u03b1\u03c1\u03b9\u03c3\u03c4\u03b5\u03c1\u03ac, -1 = \u03b4\u03b5\u03be\u03b9\u03ac\n\n          \/\/ stop \u03c4\u03c5\u03c7\u03cc\u03bd \u03c0\u03c1\u03bf\u03b7\u03b3\u03bf\u03cd\u03bc\u03b5\u03bd\u03b1 animations\n          $items.stop(true, true);\n\n          \/\/ \u03b4\u03b5\u03af\u03be\u03b5 \u03c4\u03b1 \u03b4\u03cd\u03bf slides \u03c0\u03bf\u03c5 \u03c3\u03c5\u03bc\u03bc\u03b5\u03c4\u03ad\u03c7\u03bf\u03c5\u03bd\n          $currentItem.show().css({\n              left: '0%',\n              opacity: 1\n          });\n\n          $nextItem.show().css({\n              left: (100 * direction) + '%',\n              opacity: 1\n          });\n\n          \/\/ animate \u03c4\u03bf \u03c4\u03c9\u03c1\u03b9\u03bd\u03cc \u03ad\u03be\u03c9 \u03b1\u03c0\u03cc \u03c4\u03bf \u03ba\u03ac\u03b4\u03c1\u03bf\n          $currentItem.animate(\n              { left: (-100 * direction) + '%' },\n              300,\n              function () {\n                  $currentItem.hide().removeClass('active');\n              }\n          );\n\n          \/\/ animate \u03c4\u03bf \u03b5\u03c0\u03cc\u03bc\u03b5\u03bd\u03bf \u03bc\u03ad\u03c3\u03b1 \u03c3\u03c4\u03bf \u03ba\u03ac\u03b4\u03c1\u03bf\n          $nextItem.animate(\n              { left: '0%' },\n              300,\n              function () {\n                  $items.removeClass('active');\n                  $nextItem.addClass('active');\n              }\n          );\n\n      } else {\n          \/\/ --------- F A D E ---------\n          $items.stop(true, true).hide().removeClass('active');\n          $nextItem\n              .css({ left: 0, opacity: 0 })\n              .show()\n              .addClass('active')\n              .animate({ opacity: 1 }, 250);\n      }\n\n      if (userTriggered) {\n          stopAutoplay();\n      }\n  }\n\n  \/\/ -----------------------------\n  \/\/  INIT\n  \/\/ -----------------------------\n  \/\/ \u03b4\u03b5\u03af\u03be\u03b5 \u03c4\u03bf \u03c0\u03c1\u03ce\u03c4\u03bf slide\n  $items.hide().removeClass('active')\n        .eq(0).show().addClass('active');\n  $thumbs.removeClass('active').eq(0).addClass('active');\n\n  \/\/ -----------------------------\n  \/\/  THUMBS CLICK\n  \/\/ -----------------------------\n  $thumbs.on('click', function () {\n      const index = $(this).index();\n      showSlide(index, true);\n  });\n\n  \/\/ -----------------------------\n  \/\/  AUTOPLAY\n  \/\/ -----------------------------\n  function startAutoplay() {\n      if (!settings.autoplay) return;\n      stopAutoplay();\n      autoplayTimer = setInterval(function () {\n          showSlide(current + 1, false);\n      }, settings.autoplaySpeed);\n  }\n\n  function stopAutoplay() {\n      if (autoplayTimer) {\n          clearInterval(autoplayTimer);\n          autoplayTimer = null;\n      }\n  }\n\n  startAutoplay();\n\n});\n<\/script>\n\n<style>\n\n#features-slider-s8Vk6 .slider-main-image {\n    position: relative;\n    width: 100%;\n    overflow: hidden;\n}\n\n#features-slider-s8Vk6 .slider-main-item {\n    position: absolute;\n    top: 0;\n    left: 0;\n    width: 100%;\n    display: none;\n}\n\n\/* \u0395\u03b9\u03ba\u03cc\u03bd\u03b1 \u03bc\u03ad\u03c3\u03b1 \u03c3\u03c4\u03bf slide *\/\n#features-slider-s8Vk6 .slider-main-item img {\n    width: 100%;\n    height: auto;\n    display: block;\n}\n\n<\/style>\n\n\n<div id=\"features-slider-s8Vk6\" class=\"features zante-services-slider\">\n\n    <div class=\"row\">\n\n        <div class=\"col-md-7\">\n\n          <div class=\"slider-main-image\">\n\n            \n              <div class=\"slider-main-item\"><img decoding=\"async\" src=\"https:\/\/apartma-zara.com\/wp-content\/uploads\/2018\/04\/restaurant.jpg\" class=\"img-responsive\" alt=\"Restaurant\"><\/div>\n\n              \n              <div class=\"slider-main-item\"><img decoding=\"async\" src=\"https:\/\/apartma-zara.com\/wp-content\/uploads\/2018\/04\/spa.jpg\" class=\"img-responsive\" alt=\"Spa - Beauty &amp; Health\"><\/div>\n\n              \n              <div class=\"slider-main-item\"><img decoding=\"async\" src=\"https:\/\/apartma-zara.com\/wp-content\/uploads\/2018\/04\/conference.jpg\" class=\"img-responsive\" alt=\"Conference Room\"><\/div>\n\n              \n              <div class=\"slider-main-item\"><img decoding=\"async\" src=\"https:\/\/apartma-zara.com\/wp-content\/uploads\/2018\/04\/swimming.jpg\" class=\"img-responsive\" alt=\"Swimming Pool\"><\/div>\n\n              \n          <\/div>\n\n        <\/div>\n\n      <div class=\"col-md-5\">\n\n        <div class=\"slider-thumbs\">\n\n\n        \n        <!-- SLIDE -->\n        <div class=\"owl-thumb-item swiper-slide slider-thumbs-item\">\n            <span class=\"media-left\"><image src=\"https:\/\/apartma-zara.com\/wp-content\/uploads\/2018\/05\/plate.png\" alt=\"Restaurant\"><\/span>\n            <div class=\"media-body\">\n                <h3>Restaurant<\/h3>\n                <p>Lorem ipsum dolor sit amet, consectetuer adipiscing elit, sed diam nonummy nibh euismod tincidunt ut laoreet.<\/p>\n            <\/div>\n        <\/div>\n\n        \n        <!-- SLIDE -->\n        <div class=\"owl-thumb-item swiper-slide slider-thumbs-item\">\n            <span class=\"media-left\"><image src=\"https:\/\/apartma-zara.com\/wp-content\/uploads\/2018\/05\/spa.png\" alt=\"Spa - Beauty &amp; Health\"><\/span>\n            <div class=\"media-body\">\n                <h3>Spa - Beauty &amp; Health<\/h3>\n                <p>Lorem ipsum dolor sit amet, consectetuer adipiscing elit, sed diam nonummy nibh euismod tincidunt ut laoreet.<\/p>\n            <\/div>\n        <\/div>\n\n        \n        <!-- SLIDE -->\n        <div class=\"owl-thumb-item swiper-slide slider-thumbs-item\">\n            <span class=\"media-left\"><image src=\"https:\/\/apartma-zara.com\/wp-content\/uploads\/2018\/05\/conference.png\" alt=\"Conference Room\"><\/span>\n            <div class=\"media-body\">\n                <h3>Conference Room<\/h3>\n                <p>Lorem ipsum dolor sit amet, consectetuer adipiscing elit, sed diam nonummy nibh euismod tincidunt ut laoreet.<\/p>\n            <\/div>\n        <\/div>\n\n        \n        <!-- SLIDE -->\n        <div class=\"owl-thumb-item swiper-slide slider-thumbs-item\">\n            <span class=\"media-left\"><image src=\"https:\/\/apartma-zara.com\/wp-content\/uploads\/2018\/05\/swimmer.png\" alt=\"Swimming Pool\"><\/span>\n            <div class=\"media-body\">\n                <h3>Swimming Pool<\/h3>\n                <p>Lorem ipsum dolor sit amet, consectetuer adipiscing elit, sed diam nonummy nibh euismod tincidunt ut laoreet.<\/p>\n            <\/div>\n        <\/div>\n\n        \n\n      <\/div>\n    <\/div>\n<\/div>\n<\/div>\n\n  [\/vc_column][\/vc_row][vc_row css=&#8221;.vc_custom_1532817816113{padding-top: 100px !important;padding-bottom: 70px !important;}&#8221;][vc_column]\t\t\t<div\r\n\t\t\t\tclass=\"main_title  text-left  \">\r\n\t\t\t\t<h2 class=\"title\">ZANTE GALLERY<\/h2>\r\n\t\t\t\t\t\t\t\t\t<p class=\"main_description\">Hotel Zante image gallery<\/p>\r\n\t\t\t\t\t\t\t<\/div>\r\n\t\t        \r\n            <div class=\"row\">\r\n\t            <div class=\"grid gallery_items image-gallery\">\r\n\t                \t                \t            <\/div>\r\n            <\/div>\r\n\r\n        [\/vc_column][\/vc_row][vc_row full_width=&#8221;stretch_row&#8221; css=&#8221;.vc_custom_1531852054584{border-top-width: 1px !important;border-bottom-width: 1px !important;padding-top: 100px !important;padding-bottom: 70px !important;background-color: #f1f0ed !important;border-top-color: #ebeae9 !important;border-top-style: solid !important;border-bottom-color: #ebeae9 !important;border-bottom-style: solid !important;}&#8221;][vc_column]\t\t\t<div\r\n\t\t\t\tclass=\"main_title  text-left  \">\r\n\t\t\t\t<h2 class=\"title\">LATEST NEWS &amp; EVENTS<\/h2>\r\n\t\t\t\t\t\t\t\t\t<p class=\"main_description\">Check out our latest news &amp; events<\/p>\r\n\t\t\t\t\t\t\t<\/div>\r\n\t\t\r\n        <div class=\"row\">\r\n\r\n          <!-- FIRST ITEM -->\r\n        <div class=\"col-md-6 first-news\">\r\n                    <div class=\"news-item\">\r\n            <figure class=\"gradient-overlay zoom-hover\">\r\n              <a href=\"https:\/\/apartma-zara.com\/de\/11-superfood-to-boost-your-immune-system\/\">\r\n                <img decoding=\"async\" src=\"https:\/\/apartma-zara.com\/wp-content\/uploads\/2021\/07\/Blog-1280x853-1-1-720x520.png\" class=\"img-responsive\" alt=\"11 Superfoods zur St\u00e4rkung des Immunsystems\">\r\n               <\/a>\r\n               <div class=\"news-item-details\">\r\n                 <span class=\"news-item-meta\"><a href=\"https:\/\/apartma-zara.com\/de\/category\/unkategorisiert\/\" rel=\"category tag\">Unkategorisiert<\/a><\/span>\r\n                 <h3 class=\"news-item-title\">\r\n                   <a href=\"https:\/\/apartma-zara.com\/de\/11-superfood-to-boost-your-immune-system\/\">11 Superfoods zur St\u00e4rkung des Immunsystems<\/a>\r\n                 <\/h3>\r\n              <\/div>\r\n            <\/figure>\r\n          <\/div>\r\n\r\n                    \r\n        <\/div>\r\n\r\n        <!-- SECOND ITEM -->\r\n        <div class=\"col-md-3 second-news\">\r\n                    <div class=\"news-item\">\r\n            <figure class=\"gradient-overlay zoom-hover\">\r\n              <a href=\"https:\/\/apartma-zara.com\/de\/official-webshop-for-slovenian-e-vignettes-e-vinjeta\/\">\r\n                <img decoding=\"async\" src=\"https:\/\/apartma-zara.com\/wp-content\/uploads\/2023\/01\/DARS-Slovenia-e1674719830552-400x668.png\" class=\"img-responsive\" alt=\"Offizieller Webshop f\u00fcr slowenische E-Vignetten | E-Vignette\">\r\n               <\/a>\r\n               <div class=\"news-item-details\">\r\n                 <span class=\"news-item-meta\"><a href=\"https:\/\/apartma-zara.com\/de\/category\/unkategorisiert\/\" rel=\"category tag\">Unkategorisiert<\/a><\/span>\r\n                 <h3 class=\"news-item-title\">\r\n                   <a href=\"https:\/\/apartma-zara.com\/de\/official-webshop-for-slovenian-e-vignettes-e-vinjeta\/\">Offizieller Webshop f\u00fcr slowenische E-Vignetten | E-Vignette<\/a>\r\n                 <\/h3>\r\n              <\/div>\r\n            <\/figure>\r\n          <\/div>\r\n\r\n                              <\/div>\r\n        <!-- THIRD ITEM -->\r\n        <div class=\"col-md-3 third-news\">\r\n\r\n                    <div class=\"news-item\">\r\n            <figure class=\"gradient-overlay zoom-hover\">\r\n              <a href=\"https:\/\/apartma-zara.com\/de\/is-there-a-border-check-between-slovenia-and-croatia\/\">\r\n                <img decoding=\"async\" src=\"https:\/\/apartma-zara.com\/wp-content\/uploads\/2023\/01\/croatia-slovenia-border-2-400x800.jpg\" class=\"img-responsive\" alt=\"Gibt es eine Grenzkontrolle zwischen Slowenien und Kroatien?\">\r\n               <\/a>\r\n               <div class=\"news-item-details\">\r\n                 <span class=\"news-item-meta\"><a href=\"https:\/\/apartma-zara.com\/de\/category\/unkategorisiert\/\" rel=\"category tag\">Unkategorisiert<\/a><\/span>\r\n                 <h3 class=\"news-item-title\">\r\n                   <a href=\"https:\/\/apartma-zara.com\/de\/is-there-a-border-check-between-slovenia-and-croatia\/\">Gibt es eine Grenzkontrolle zwischen Slowenien und Kroatien?<\/a>\r\n                 <\/h3>\r\n              <\/div>\r\n            <\/figure>\r\n          <\/div>\r\n\r\n                      \r\n        <\/div>\r\n        <\/div>\r\n\r\n        [\/vc_column][\/vc_row][vc_row css=&#8221;.vc_custom_1531852141757{padding-top: 100px !important;padding-bottom: 70px !important;}&#8221;][vc_column]\t\t\t<div\r\n\t\t\t\tclass=\"main_title  text-left  \">\r\n\t\t\t\t<h2 class=\"title\">OUR GUESTS LOVE US<\/h2>\r\n\t\t\t\t\t\t\t\t\t<p class=\"main_description\">What our guests are saying about us<\/p>\r\n\t\t\t\t\t\t\t<\/div>\r\n\t\t\r\n        <div class=\"row flex-row\">\r\n            \t\t\t\t\t\t\t\t<!-- TESTIMONIAL GRID ITEM -->\r\n                <div class=\"col-lg-4 col-sm-6 \">\r\n                    <div class=\"testimonial-item\">\r\n\t\t                  <div class=\"review\">\r\n\t\t                        <h3>Evo nas<\/h3>\r\n                                <div class=\"rating\">\r\n                                    <i class=\"fa fa-star\" aria-hidden=\"true\"><\/i><i class=\"fa fa-star\" aria-hidden=\"true\"><\/i><i class=\"fa fa-star\" aria-hidden=\"true\"><\/i><i class=\"fa fa-star\" aria-hidden=\"true\"><\/i><i class=\"fa fa-star\" aria-hidden=\"true\"><\/i>                                <\/div>\r\n\t\t                        <p>Leto je naokoli in mi smo zopet tu. Pre\u017eiveli smo \u010dudovit dopust, \u010deprav je prehitro minilo. Se vidimo!!!<\/p>\r\n\t\t                    <\/div>\r\n\t\t                    <div class=\"author\">\r\n                                \t\t                        <div class=\"author-info\">\r\n\t\t                            <h5>Regina<\/h5>\r\n\t\t                            <span class=\"author-loacation\"><\/span>\r\n\t\t                        <\/div>\r\n\t\t                    <\/div>\r\n\t\t              <\/div>\r\n                <\/div>\r\n\r\n            \t\t\t\t\t\t\t\t<!-- TESTIMONIAL GRID ITEM -->\r\n                <div class=\"col-lg-4 col-sm-6 \">\r\n                    <div class=\"testimonial-item\">\r\n\t\t                  <div class=\"review\">\r\n\t\t                        <h3>Tudo perfeito<\/h3>\r\n                                <div class=\"rating\">\r\n                                    <i class=\"fa fa-star\" aria-hidden=\"true\"><\/i><i class=\"fa fa-star\" aria-hidden=\"true\"><\/i><i class=\"fa fa-star\" aria-hidden=\"true\"><\/i><i class=\"fa fa-star\" aria-hidden=\"true\"><\/i><i class=\"fa fa-star\" aria-hidden=\"true\"><\/i>                                <\/div>\r\n\t\t                        <p>Tudo perfeito numa estadia excepcional. Gordon foi muito atencioso e acolhedor, gostamos de partilhar alguns momentos com ele. Adorei a localiza\u00e7\u00e3o e a casa em si. Uma das melhores estadias que j\u00e1 tive no Airbnb. Muito Obrigado Gordon, foi excelente.<\/p>\r\n\t\t                    <\/div>\r\n\t\t                    <div class=\"author\">\r\n                                \t\t                        <div class=\"author-info\">\r\n\t\t                            <h5>Angelo<\/h5>\r\n\t\t                            <span class=\"author-loacation\"><\/span>\r\n\t\t                        <\/div>\r\n\t\t                    <\/div>\r\n\t\t              <\/div>\r\n                <\/div>\r\n\r\n            \t\t\t\t\t\t\t\t<!-- TESTIMONIAL GRID ITEM -->\r\n                <div class=\"col-lg-4 col-sm-6 \">\r\n                    <div class=\"testimonial-item\">\r\n\t\t                  <div class=\"review\">\r\n\t\t                        <h3>Lovely and Clean<\/h3>\r\n                                <div class=\"rating\">\r\n                                    <i class=\"fa fa-star\" aria-hidden=\"true\"><\/i><i class=\"fa fa-star\" aria-hidden=\"true\"><\/i><i class=\"fa fa-star\" aria-hidden=\"true\"><\/i><i class=\"fa fa-star\" aria-hidden=\"true\"><\/i><i class=\"fa fa-star\" aria-hidden=\"true\"><\/i>                                <\/div>\r\n\t\t                        <p>Gordon&#039;s place is very lovely and clean. The beds were comfortable. There is a lovely outdoor eating area with a well equipped kitchen next to it. It was just a couple minutes walk from the shore.\r\nGordon was very easy to communicate with and always responds quickly. Checking in and out was easy.\r\nIt was a nice stay.\r\n<\/p>\r\n\t\t                    <\/div>\r\n\t\t                    <div class=\"author\">\r\n                                \t\t                        <div class=\"author-info\">\r\n\t\t                            <h5>Elizabeth<\/h5>\r\n\t\t                            <span class=\"author-loacation\">UK<\/span>\r\n\t\t                        <\/div>\r\n\t\t                    <\/div>\r\n\t\t              <\/div>\r\n                <\/div>\r\n\r\n                                <\/div>\r\n\r\n        [\/vc_column][\/vc_row]<\/p>\n<\/div>","protected":false},"excerpt":{"rendered":"<p>[vc_row full_width=&#8221;stretch_row_content&#8221;][vc_column][rev_slider_vc alias=&#8221;rev-slider-3&#8243; el_class=&#8221;color-overlay-slider&#8221;][\/vc_column][\/vc_row][vc_row][vc_column][\/vc_column][\/vc_row][vc_row full_width=&#8221;stretch_row&#8221; css=&#8221;.vc_custom_1532251525354{border-bottom-width: 1px !important;padding-top: 100px !important;padding-bottom: 100px !important;border-bottom-color: #f2f2f2 !important;border-bottom-style: solid !important;}&#8221;][vc_column width=&#8221;1\/2&#8243;][vc_column_text]Lorem ipsum dolor sit amet, consectetuer adipiscing elit, sed diam nonummy nibh euismod tincidunt ut laoreet dolore magna aliquam erat volutpat. Ut wisi enim ad minim veniam, quis nostrud exerci tation ullamcorper suscipit lobortis nisl ut aliquip ex ea [&hellip;]<\/p>\n","protected":false},"author":1,"featured_media":0,"parent":0,"menu_order":0,"comment_status":"closed","ping_status":"closed","template":"","meta":{"footnotes":""},"class_list":["post-4240","page","type-page","status-publish","hentry"],"_links":{"self":[{"href":"https:\/\/apartma-zara.com\/de\/wp-json\/wp\/v2\/pages\/4240","targetHints":{"allow":["GET"]}}],"collection":[{"href":"https:\/\/apartma-zara.com\/de\/wp-json\/wp\/v2\/pages"}],"about":[{"href":"https:\/\/apartma-zara.com\/de\/wp-json\/wp\/v2\/types\/page"}],"author":[{"embeddable":true,"href":"https:\/\/apartma-zara.com\/de\/wp-json\/wp\/v2\/users\/1"}],"replies":[{"embeddable":true,"href":"https:\/\/apartma-zara.com\/de\/wp-json\/wp\/v2\/comments?post=4240"}],"version-history":[{"count":0,"href":"https:\/\/apartma-zara.com\/de\/wp-json\/wp\/v2\/pages\/4240\/revisions"}],"wp:attachment":[{"href":"https:\/\/apartma-zara.com\/de\/wp-json\/wp\/v2\/media?parent=4240"}],"curies":[{"name":"wp","href":"https:\/\/api.w.org\/{rel}","templated":true}]}}