{"id":4232,"date":"2018-04-29T17:25:40","date_gmt":"2018-04-29T17:25:40","guid":{"rendered":"https:\/\/apartma-zara.com\/search\/"},"modified":"2026-02-08T07:55:36","modified_gmt":"2026-02-08T07:55:36","slug":"search","status":"publish","type":"page","link":"https:\/\/apartma-zara.com\/de\/search\/","title":{"rendered":"Search"},"content":{"rendered":"\r\n<div class=\"eb-stepline\">\r\n    <div class=\"eb-stepline-steps\">\r\n        <div class=\"eb-stepline-step completed \">\r\n            <div class=\"eb-stepline-progress\">\r\n                <div class=\"eb-stepline-progress-bar\"><\/div>\r\n            <\/div>\r\n            <div class=\"eb-stepline-dot\"><\/div>\r\n            <div class=\"text-center bs-wizard-stepnum\">Search<\/div>\r\n            <div class=\"bs-wizard-info text-center\">Choose your favorite room<\/div>\r\n        <\/div>\r\n        <div class=\"eb-stepline-step completed\">\r\n            <div class=\"eb-stepline-progress\">\r\n                <div class=\"eb-stepline-progress-bar\"><\/div>\r\n            <\/div>\r\n            <div class=\"eb-stepline-dot\"><\/div>\r\n            <div class=\"text-center bs-wizard-stepnum\">Booking<\/div>\r\n            <div class=\"bs-wizard-info text-center\">Enter your booking details<\/div>\r\n        <\/div>\r\n        <div class=\"eb-stepline-step completed\">\r\n            <div class=\"eb-stepline-progress\">\r\n                <div class=\"eb-stepline-progress-bar\"><\/div>\r\n            <\/div>\r\n            <div class=\"eb-stepline-dot\"><\/div>\r\n            <div class=\"text-center bs-wizard-stepnum\">Checkout<\/div>\r\n            <div class=\"bs-wizard-info text-center\">Use your preferred payment method<\/div>\r\n        <\/div>\r\n        <div class=\"eb-stepline-step completed active\">\r\n            <div class=\"eb-stepline-progress\">\r\n                <div class=\"eb-stepline-progress-bar\"><\/div>\r\n            <\/div>\r\n            <div class=\"eb-stepline-dot\"><\/div>\r\n            <div class=\"text-center bs-wizard-stepnum\">Confirmation<\/div>\r\n            <div class=\"bs-wizard-info text-center\">Receive a confirmation email<\/div>\r\n        <\/div>\r\n    <\/div>\r\n<\/div>\n  <div class=\"eb-search-page eb-sticky-sidebar-container eb-sidebar eb-left-sidebar\">\n    \n<div class=\"search-filters sticky-sidebar\">\n\n  <div class=\"eb-widget eb-search-form\">\n    <h2 class=\"title\">Booking Details<\/h2>\n    <div class=\"inner\">\n      <form id=\"search_form\" class=\"booking-search-form\">\n\n          <div class=\"eb-field-group\">\r\n   <label>Check In\/Out<\/label>\r\n   <input type=\"text\" class=\"eb-datepicker eb-field\" placeholder=\"Check In &nbsp;&nbsp;\u2192&nbsp;&nbsp; Check Out\" value=\"\" autocomplete=\"off\" readonly>\r\n   <input type=\"hidden\" class=\"eb_checkin\"  name=\"eb_checkin\">\r\n   <input type=\"hidden\" class=\"eb_checkout\"  name=\"eb_checkout\">\r\n<\/div>\r\n\r\n\n\n          <div class=\"eb-field-group\">\r\n  <label>Guests<\/label>\r\n  <div class=\"eb-guestspicker eb-field\">\r\n\r\n    <div class=\"guestspicker\">\r\n      Guests <span class=\"gueststotal\">1<\/span>\r\n    <\/div>\r\n\r\n    <div class=\"eb-guestspicker-content\">\r\n\r\n      \r\n        <div class=\"guests-buttons\">\r\n          <div class=\"description\">\r\n            <label>Adults<\/label>\r\n                          <div class=\"ages\">Ages 18+ <\/div>\r\n                      <\/div>\r\n          <div class=\"guests-button\">\r\n            <div class=\"minus\"><\/div>\r\n            <input type=\"text\" id=\"eagle_booking_adults\" name=\"eb_adults\" class=\"booking-guests\" value=\"1\" data-min=\"1\" data-max=\"4\">\r\n            <div class=\"plus\"><\/div>\r\n          <\/div>\r\n        <\/div>\r\n\r\n        <div class=\"guests-buttons\">\r\n          <div class=\"description\">\r\n            <label>Children<\/label>\r\n                        <div class=\"ages\">Ages 4 - 18<\/div>\r\n                      <\/div>\r\n          <div class=\"guests-button\">\r\n            <div class=\"minus\"><\/div>\r\n            <input type=\"text\" id =\"eagle_booking_children\" name=\"eb_children\" class=\"booking-guests\" value=\"0\" data-min=\"0\" data-max=\"4\">\r\n            <div class=\"plus\"><\/div>\r\n          <\/div>\r\n        <\/div>\r\n\r\n      \r\n    <\/div>\r\n  <\/div>\r\n<\/div>\r\n\n      <\/form>\n    <\/div>\n  <\/div>\n\n\n<\/div>    <div>\n\n      \n<div class=\"rooms-bar\">\n\n  <span class=\"total-rooms\">\n  You found <strong id=\"results-number\">1<\/strong> rooms from    <span class=\"price-currency\">\u20ac<\/span><span class=\"price-amount\">160,00<\/span>  <\/span>\n\n  <span class=\"rooms-view\">\n    <span class=\"view-text\">View<\/span>\n    <span class=\"view-btn list-btn active\" data-view=\"list-view\" title=\"List View\"><i class=\"fa fa-list\" aria-hidden=\"true\"><\/i><\/span>\n    <span class=\"view-btn grid-btn \" data-view=\"grid-view\" title=\"Grid View\"><i class=\"fa fa-th\" aria-hidden=\"true\"><\/i><\/span>\n  <\/span>\n\n  <span class=\"rooms-view-sorting\">\n\n    <span class=\"eb-dropdown eb-rooms-sorting\">\n\n      <div id=\"eagle_booking_active_sorting\" class=\"eb-dropdown-toggle\">Sort by: Default<\/div>\n\n      <ul id=\"eagle_booking_search_sorting\" class=\"eb-dropdown-menu\">\n        <li class=\"sorting_option\">\n          <a class=\"search_sorting\" data-meta-key=\"eagle_booking_mtb_room_price_min\" data-order=\"ASC\">Sort by: Lowest Price<\/a>\n        <\/li>\n        <li class=\"sorting_option\">\n          <a class=\"search_sorting\" data-meta-key=\"eagle_booking_mtb_room_price_min\" data-order=\"DESC\">Sort by: Highest Price<\/a>\n        <\/li>\n        <li class=\"sorting_option\">\n          <a class=\"search_sorting\" data-meta-key=\"\" data-order=\"\">Sort by: Default<\/a>\n        <\/li>\n      <\/ul>\n\n    <\/span>\n  <\/span>\n\n<\/div>\n      <div class=\"eb-rooms list-view\">\n          <div class=\"eb-rooms-list\">\n            \n<div id=\"eb-search-room-4510\" class=\"room-list-item\">\n  <div class=\"room-list-item-grid\">\n      <figure>\n        <a href=\"https:\/\/apartma-zara.com\/de\/rooms\/family-apartment-german\/\">\n\n          \n                      <img decoding=\"async\" src=\"https:\/\/apartma-zara.com\/wp-content\/uploads\/2025\/05\/apartma-zara-room-720x470.webp\" alt=\"Ganze Wohnung\" loading=\"lazy\">\n          \n        <\/a>\n      <\/figure>\n\n      <div class=\"room-details\">\n        <h2 class=\"title\">\n          <a href=\"https:\/\/apartma-zara.com\/de\/rooms\/family-apartment-german\/\">Ganze Wohnung<\/a>\n        <\/h2>\n        <p>Big Rooms and Regularly Cleaned Mattress<\/p>\n        \r\n<div class=\"room-services\">\r\n  <div class=\"dragscroll\">\r\n  \r\n<\/div>\r\n<\/div>\r\n      <\/div>\n      \n<div class=\"room-price-details\">\n  <div class=\"room-price-search\">\n\n    <div class=\"room-price\"><span class=\"normal-price\"><strong><span class=\"price-currency\">\u20ac<\/span><span class=\"price-amount\">160,00<\/span><\/strong><\/span><span class=\"per-night-text\"> per night<\/span><\/div>\n          \n          <div class=\"select-booking-dates-notice\">Select Booking Dates<\/div>\n          \n      \n      <\/div>\n\n              <div class=\"toggle-room-breakpoint room-more-details\">\n          Availability & Details <i class=\"fa fa-angle-down\" aria-hidden=\"true\"><\/i>\n        <\/div>\n      \n    <\/div>\n  <\/div>\n  \n<div class=\"room-quick-details\">\n  <div class=\"inner\">\n  \r\n    <div id=\"availability-calendar-4510\"><\/div>\r\n\r\n  <ul class=\"availability-calendar-list-availability\">\r\n    <li>\r\n      <span class=\"available\"><\/span>\r\n      Available    <\/li>\r\n    <li>\r\n      <span class=\"not-available\"><\/span>\r\n      Not Available    <\/li>\r\n  <\/ul>\r\n\r\n  <script>\r\n    (function($) {\r\n      \"use strict\";\r\n      $(document).ready(function() {\r\n        $(\"#availability-calendar-4510\").simpleCalendar({\r\n            fixedStartDay: false,\r\n            events: [\"2026\/07\/13\",\"2026\/07\/14\",\"2026\/07\/15\",\"2026\/07\/16\",\"2026\/07\/17\",\"2026\/07\/18\",\"2026\/07\/19\",\"2026\/07\/20\",\"2026\/07\/21\",\"2026\/07\/22\",\"2026\/07\/26\",\"2026\/07\/27\",\"2026\/07\/28\",\"2026\/07\/29\",\"2026\/07\/30\",\"2026\/07\/31\",\"2026\/08\/01\",\"2026\/08\/02\",\"2026\/08\/03\",\"2026\/08\/04\",\"2026\/08\/05\",\"2026\/08\/06\",\"2026\/08\/07\",\"2026\/08\/10\",\"2026\/08\/11\",\"2026\/08\/12\",\"2026\/08\/13\",\"2026\/08\/14\",\"2026\/08\/15\",\"2026\/08\/16\",\"2026\/08\/17\",\"2026\/08\/18\",\"2026\/08\/19\",\"2026\/08\/20\",\"2026\/11\/18\",\"2026\/11\/19\",\"2026\/11\/20\",\"2026\/11\/21\",\"2026\/11\/22\",\"2026\/11\/23\",\"2026\/11\/24\",\"2026\/11\/25\",\"2026\/11\/26\",\"2026\/11\/27\",\"2026\/11\/28\",\"2026\/11\/29\",\"2026\/11\/30\",\"2026\/12\/01\",\"2026\/12\/02\",\"2026\/12\/03\",\"2026\/12\/04\",\"2026\/12\/05\",\"2026\/12\/06\",\"2026\/12\/07\",\"2026\/12\/08\",\"2026\/12\/09\",\"2026\/12\/10\",\"2026\/12\/11\",\"2026\/12\/12\",\"2026\/12\/13\",\"2026\/12\/14\",\"2026\/12\/15\",\"2026\/12\/16\",\"2026\/12\/17\",\"2026\/12\/18\",\"2026\/12\/19\",\"2026\/12\/20\",\"2026\/12\/21\",\"2026\/12\/22\",\"2026\/12\/23\",\"2026\/12\/24\",\"2026\/12\/25\",\"2026\/12\/26\",\"2026\/12\/27\",\"2026\/12\/28\",\"2026\/12\/29\",\"2026\/12\/30\",\"2026\/12\/31\",\"2027\/01\/01\",\"2027\/01\/02\",\"2027\/01\/03\",\"2027\/01\/04\",\"2027\/01\/05\",\"2027\/01\/06\",\"2027\/01\/07\",\"2027\/01\/08\",\"2027\/01\/09\",\"2027\/01\/10\",\"2027\/01\/11\",\"2027\/01\/12\",\"2027\/01\/13\",\"2027\/01\/14\",\"2027\/01\/15\",\"2027\/01\/16\",\"2027\/01\/17\",\"2027\/01\/18\",\"2027\/01\/19\",\"2027\/01\/20\",\"2027\/01\/21\",\"2027\/01\/22\",\"2027\/01\/23\",\"2027\/01\/24\",\"2027\/01\/25\",\"2027\/01\/26\",\"2027\/01\/27\",\"2027\/01\/28\",\"2027\/01\/29\",\"2027\/01\/30\",\"2027\/01\/31\",\"2027\/02\/01\",\"2027\/02\/02\",\"2027\/02\/03\",\"2027\/02\/04\",\"2027\/02\/05\",\"2027\/02\/06\",\"2027\/02\/07\",\"2027\/02\/08\",\"2027\/02\/09\",\"2027\/02\/10\",\"2027\/02\/11\",\"2027\/02\/12\",\"2027\/02\/13\",\"2027\/02\/14\",\"2027\/02\/15\",\"2027\/02\/16\",\"2027\/02\/17\",\"2027\/02\/18\",\"2027\/02\/19\",\"2027\/02\/20\",\"2027\/02\/21\",\"2027\/02\/22\",\"2027\/02\/23\",\"2027\/02\/24\",\"2027\/02\/25\",\"2027\/02\/26\",\"2027\/02\/27\",\"2027\/02\/28\",\"2027\/03\/01\",\"2027\/03\/02\",\"2027\/03\/03\",\"2027\/03\/04\",\"2027\/03\/05\",\"2027\/03\/06\",\"2027\/03\/07\",\"2027\/03\/08\",\"2027\/03\/09\",\"2027\/03\/10\",\"2027\/03\/11\",\"2027\/03\/12\",\"2027\/03\/13\",\"2027\/03\/14\",\"2027\/03\/15\",\"2027\/03\/16\",\"2027\/03\/17\",\"2027\/03\/18\",\"2027\/03\/19\",\"2027\/03\/20\",\"2027\/03\/21\",\"2027\/03\/22\",\"2027\/03\/23\",\"2027\/03\/24\",\"2027\/03\/25\",\"2027\/03\/26\",\"2027\/03\/27\",\"2027\/03\/28\",\"2027\/03\/29\",\"2027\/03\/30\",\"2027\/03\/31\",\"2027\/04\/01\",\"2027\/04\/02\",\"2027\/04\/03\",\"2027\/04\/04\",\"2027\/04\/05\",\"2027\/04\/06\",\"2027\/04\/07\",\"2027\/04\/08\",\"2027\/04\/09\",\"2027\/04\/10\",\"2027\/04\/11\",\"2027\/04\/12\",\"2027\/04\/13\",\"2027\/04\/14\",\"2027\/04\/15\",\"2027\/04\/16\",\"2027\/04\/17\",\"2027\/04\/18\",\"2027\/04\/19\",\"2027\/04\/20\",\"2027\/04\/21\",\"2027\/04\/22\",\"2027\/04\/23\",\"2027\/04\/24\",\"2027\/04\/25\",\"2027\/04\/26\",\"2027\/04\/27\",\"2027\/04\/28\",\"2027\/04\/29\",\"2027\/04\/30\",\"2027\/05\/01\",\"2027\/05\/02\",\"2027\/05\/03\",\"2027\/05\/04\",\"2027\/05\/05\",\"2027\/05\/06\",\"2027\/05\/07\",\"2027\/05\/08\",\"2027\/05\/09\",\"2027\/05\/10\",\"2027\/05\/11\",\"2027\/05\/12\",\"2027\/05\/13\",\"2027\/05\/14\",\"2027\/05\/15\",\"2027\/05\/16\",\"2027\/05\/17\",\"2027\/05\/18\",\"2027\/05\/19\",\"2027\/05\/20\",\"2027\/05\/21\",\"2027\/05\/22\",\"2027\/05\/23\",\"2027\/05\/24\",\"2027\/05\/25\",\"2027\/05\/26\",\"2027\/05\/27\",\"2027\/05\/28\",\"2027\/05\/29\",\"2027\/05\/30\",\"2027\/05\/31\",\"2027\/06\/01\",\"2027\/06\/02\",\"2027\/06\/03\",\"2027\/06\/04\",\"2027\/06\/05\",\"2027\/06\/06\",\"2027\/06\/07\",\"2027\/06\/08\",\"2027\/06\/09\",\"2027\/06\/10\",\"2027\/06\/11\",\"2027\/06\/12\",\"2027\/06\/13\",\"2027\/06\/14\",\"2027\/06\/15\",\"2027\/06\/16\",\"2027\/06\/17\",\"2027\/06\/18\",\"2027\/06\/19\",\"2027\/06\/20\",\"2027\/06\/21\",\"2027\/06\/22\",\"2027\/06\/23\",\"2027\/06\/24\",\"2027\/06\/25\",\"2027\/06\/26\",\"2027\/06\/27\",\"2027\/06\/28\",\"2027\/06\/29\",\"2027\/06\/30\",\"2027\/07\/01\",\"2027\/07\/02\",\"2027\/07\/03\",\"2027\/07\/04\",\"2027\/07\/05\",\"2027\/07\/06\",\"2027\/07\/07\",\"2027\/07\/08\",\"2027\/07\/09\",\"2027\/07\/10\",\"2027\/07\/11\",\"2027\/07\/12\",\"2027\/07\/13\",\"2027\/07\/14\",\"2027\/07\/15\",\"2027\/07\/16\",\"2027\/07\/17\",\"2027\/07\/18\",\"2027\/07\/19\",\"2027\/07\/20\",\"2027\/07\/21\",\"2027\/07\/22\",\"2027\/07\/23\",\"2027\/07\/24\",\"2027\/07\/25\",\"2027\/07\/26\",\"2027\/07\/27\",\"2027\/07\/28\",\"2027\/07\/29\",\"2027\/07\/30\",\"2027\/07\/31\",\"2027\/08\/01\",\"2027\/08\/02\",\"2027\/08\/03\",\"2027\/08\/04\",\"2027\/08\/05\",\"2027\/08\/06\",\"2027\/08\/07\",\"2027\/08\/08\",\"2027\/08\/09\",\"2027\/08\/10\",\"2027\/08\/11\",\"2027\/08\/12\",\"2027\/08\/13\",\"2027\/08\/14\",\"2027\/08\/15\",\"2027\/08\/16\",\"2027\/08\/17\",\"2027\/08\/18\",\"2027\/08\/19\",\"2027\/08\/20\",\"2027\/08\/21\",\"2027\/08\/22\",\"2027\/08\/23\",\"2027\/08\/24\",\"2027\/08\/25\",\"2027\/08\/26\",\"2027\/08\/27\",\"2027\/08\/28\",\"2027\/08\/29\",\"2027\/08\/30\",\"2027\/08\/31\",\"2027\/09\/01\",\"2027\/09\/02\",\"2027\/09\/03\",\"2027\/09\/04\",\"2027\/09\/05\",\"2027\/09\/06\",\"2027\/09\/07\",\"2027\/09\/08\",\"2027\/09\/09\",\"2027\/09\/10\",\"2027\/09\/11\",\"2027\/09\/12\",\"2027\/09\/13\",\"2027\/09\/14\",\"2027\/09\/15\",\"2027\/09\/16\",\"2027\/09\/17\",\"2027\/09\/18\",\"2027\/09\/19\",\"2027\/09\/20\",\"2027\/09\/21\",\"2027\/09\/22\",\"2027\/09\/23\",\"2027\/09\/24\",\"2027\/09\/25\",\"2027\/09\/26\",\"2027\/09\/27\",\"2027\/09\/28\",\"2027\/09\/29\",\"2027\/09\/30\",\"2027\/10\/01\",\"2027\/10\/02\",\"2027\/10\/03\",\"2027\/10\/04\",\"2027\/10\/05\",\"2027\/10\/06\",\"2027\/10\/07\",\"2027\/10\/08\",\"2027\/10\/09\",\"2027\/10\/10\",\"2027\/10\/11\",\"2027\/10\/12\",\"2027\/10\/13\",\"2027\/10\/14\",\"2027\/10\/15\",\"2027\/10\/16\",\"2027\/10\/17\",\"2027\/10\/18\",\"2027\/10\/19\",\"2027\/10\/20\",\"2027\/10\/21\",\"2027\/10\/22\",\"2027\/10\/23\",\"2027\/10\/24\",\"2027\/10\/25\",\"2027\/10\/26\",\"2027\/10\/27\",\"2027\/10\/28\",\"2027\/10\/29\",\"2027\/10\/30\",\"2027\/10\/31\",\"2027\/11\/01\",\"2027\/11\/02\",\"2027\/11\/03\",\"2027\/11\/04\",\"2027\/11\/05\",\"2027\/11\/06\",\"2027\/11\/07\",\"2027\/11\/08\",\"2027\/11\/09\",\"2027\/11\/10\",\"2027\/11\/11\",\"2027\/11\/12\",\"2027\/11\/13\",\"2027\/11\/14\",\"2027\/11\/15\",\"2027\/11\/16\",\"2027\/11\/17\",\"2027\/11\/18\",\"2027\/11\/19\",\"2027\/11\/20\",\"2027\/11\/21\",\"2027\/11\/22\",\"2027\/11\/23\",\"2027\/11\/24\",\"2027\/11\/25\",\"2027\/11\/26\",\"2027\/11\/27\",\"2027\/11\/28\",\"2027\/11\/29\",\"2027\/11\/30\",\"2027\/12\/01\",\"2027\/12\/02\",\"2027\/12\/03\",\"2027\/12\/04\",\"2027\/12\/05\",\"2027\/12\/06\",\"2027\/12\/07\",\"2027\/12\/08\",\"2027\/12\/09\",\"2027\/12\/10\",\"2027\/12\/11\",\"2027\/12\/12\",\"2027\/12\/13\",\"2027\/12\/14\",\"2027\/12\/15\",\"2027\/12\/16\",\"2027\/12\/17\",\"2027\/12\/18\",\"2027\/12\/19\",\"2027\/12\/20\",\"2027\/12\/21\",\"2027\/12\/22\",\"2027\/12\/23\",\"2027\/12\/24\",\"2027\/12\/25\",\"2027\/12\/26\",\"2027\/12\/27\",\"2027\/12\/28\",\"2027\/12\/29\",\"2027\/12\/30\",\"2027\/12\/31\",\"2028\/01\/01\",\"2028\/01\/02\",\"2028\/01\/03\",\"2028\/01\/04\",\"2028\/01\/05\",\"2028\/01\/06\",\"2028\/01\/07\",\"2028\/01\/08\",\"2028\/01\/09\",\"2028\/01\/10\",\"2028\/01\/11\",\"2028\/02\/01\",\"2028\/02\/02\",\"2028\/02\/03\",\"2028\/02\/04\",\"2028\/02\/05\",\"2028\/02\/06\",\"2028\/02\/07\",\"2028\/02\/08\",\"2028\/02\/09\",\"2028\/02\/10\",\"2028\/02\/11\",\"2028\/02\/12\",\"2028\/02\/13\",\"2028\/02\/14\",\"2028\/02\/15\",\"2028\/02\/16\",\"2028\/02\/17\",\"2028\/02\/18\",\"2028\/02\/19\",\"2028\/02\/20\"]        });\r\n    });\r\n    })(jQuery);\r\n  <\/script>\r\n\r\n\r\n\r\n  <div class=\"eb-room-price-breakdown\">\r\n      <h6 class=\"section-title\">Price Breakdown<\/h6>\r\n\r\n      <div class=\"room-breakdown-item eg-g-1-1\"><span>Custom price_140 01.5.25 &#8211; 23.5.25<\/span><span>01\/05\/2025 &nbsp; \u2192 &nbsp; 23\/05\/2025<\/span><span class=\"value\">\u20ac140,00<\/span><\/div><div class=\"room-breakdown-item eg-g-1-1\"><span>Custom price_160 24.5.25 &#8211; 20.6.25<\/span><span>24\/05\/2025 &nbsp; \u2192 &nbsp; 20\/06\/2025<\/span><span class=\"value\">\u20ac160,00<\/span><\/div><div class=\"room-breakdown-item eg-g-1-1\"><span>Custom price_175 21.6.25 &#8211; 09.9.25<\/span><span>21\/06\/2025 &nbsp; \u2192 &nbsp; 09\/09\/2025<\/span><span class=\"value\">\u20ac175,00<\/span><\/div><div class=\"room-breakdown-item eg-g-1-1\"><span>Custom price_160 10.9.25 &#8211; 30.9.25<\/span><span>10\/09\/2025 &nbsp; \u2192 &nbsp; 30\/09\/2025<\/span><span class=\"value\">\u20ac160,00<\/span><\/div><div class=\"room-breakdown-item eg-g-1-1\"><span>Custom price_120 01.10.25 &#8211; 31.10.25<\/span><span>01\/10\/2025 &nbsp; \u2192 &nbsp; 31\/10\/2025<\/span><span class=\"value\">\u20ac120,00<\/span><\/div>\r\n  <\/div>\r\n\r\n  <\/div>\n<\/div>\n<\/div>\n\n          <\/div>\n        <\/div>\n        \n    <\/div>\n  <\/div>\n\n  \n","protected":false},"excerpt":{"rendered":"Suchen Sie eine Familienwohnung in Kroatien in Meeresn\u00e4he? Das Apartma Zara bietet Komfort, Privatsph\u00e4re und alles, was Sie f\u00fcr einen entspannten Aufenthalt mit bis zu 8 Personen ben\u00f6tigen. Die Wohnung verf\u00fcgt \u00fcber gro\u00dfe Fenster mit herrlichem Blick auf das Meer und die umliegende Natur, die den ganzen Tag \u00fcber f\u00fcr eine helle und einladende Atmosph\u00e4re [...]","protected":false},"author":1,"featured_media":0,"parent":0,"menu_order":0,"comment_status":"closed","ping_status":"closed","template":"","meta":{"footnotes":""},"class_list":["post-4232","page","type-page","status-publish","hentry"],"_links":{"self":[{"href":"https:\/\/apartma-zara.com\/de\/wp-json\/wp\/v2\/pages\/4232","targetHints":{"allow":["GET"]}}],"collection":[{"href":"https:\/\/apartma-zara.com\/de\/wp-json\/wp\/v2\/pages"}],"about":[{"href":"https:\/\/apartma-zara.com\/de\/wp-json\/wp\/v2\/types\/page"}],"author":[{"embeddable":true,"href":"https:\/\/apartma-zara.com\/de\/wp-json\/wp\/v2\/users\/1"}],"replies":[{"embeddable":true,"href":"https:\/\/apartma-zara.com\/de\/wp-json\/wp\/v2\/comments?post=4232"}],"version-history":[{"count":0,"href":"https:\/\/apartma-zara.com\/de\/wp-json\/wp\/v2\/pages\/4232\/revisions"}],"wp:attachment":[{"href":"https:\/\/apartma-zara.com\/de\/wp-json\/wp\/v2\/media?parent=4232"}],"curies":[{"name":"wp","href":"https:\/\/api.w.org\/{rel}","templated":true}]}}