{"id":4228,"date":"2018-06-01T13:01:22","date_gmt":"2018-06-01T13:01:22","guid":{"rendered":"https:\/\/apartma-zara.com\/testimonials\/"},"modified":"2026-02-08T10:48:30","modified_gmt":"2026-02-08T10:48:30","slug":"testimonials","status":"publish","type":"page","link":"https:\/\/apartma-zara.com\/de\/testimonials\/","title":{"rendered":"G\u00e4stebewertungen"},"content":{"rendered":"<div class=\"wpb-content-wrapper\"><p>[vc_row][vc_column]\r\n        <div class=\"row flex-row\">\r\n            \t\t\t\t\t\t\t\t<!-- TESTIMONIAL GRID ITEM -->\r\n                <div class=\"col-lg-4 col-sm-6 \">\r\n                    <div class=\"testimonial-item\">\r\n\t\t                  <div class=\"review\">\r\n\t\t                        <h3>Evo nas<\/h3>\r\n                                <div class=\"rating\">\r\n                                    <i class=\"fa fa-star\" aria-hidden=\"true\"><\/i><i class=\"fa fa-star\" aria-hidden=\"true\"><\/i><i class=\"fa fa-star\" aria-hidden=\"true\"><\/i><i class=\"fa fa-star\" aria-hidden=\"true\"><\/i><i class=\"fa fa-star\" aria-hidden=\"true\"><\/i>                                <\/div>\r\n\t\t                        <p>Leto je naokoli in mi smo zopet tu. Pre\u017eiveli smo \u010dudovit dopust, \u010deprav je prehitro minilo. Se vidimo!!!<\/p>\r\n\t\t                    <\/div>\r\n\t\t                    <div class=\"author\">\r\n                                \t\t                        <div class=\"author-info\">\r\n\t\t                            <h5>Regina<\/h5>\r\n\t\t                            <span class=\"author-loacation\"><\/span>\r\n\t\t                        <\/div>\r\n\t\t                    <\/div>\r\n\t\t              <\/div>\r\n                <\/div>\r\n\r\n            \t\t\t\t\t\t\t\t<!-- TESTIMONIAL GRID ITEM -->\r\n                <div class=\"col-lg-4 col-sm-6 \">\r\n                    <div class=\"testimonial-item\">\r\n\t\t                  <div class=\"review\">\r\n\t\t                        <h3>Tudo perfeito<\/h3>\r\n                                <div class=\"rating\">\r\n                                    <i class=\"fa fa-star\" aria-hidden=\"true\"><\/i><i class=\"fa fa-star\" aria-hidden=\"true\"><\/i><i class=\"fa fa-star\" aria-hidden=\"true\"><\/i><i class=\"fa fa-star\" aria-hidden=\"true\"><\/i><i class=\"fa fa-star\" aria-hidden=\"true\"><\/i>                                <\/div>\r\n\t\t                        <p>Tudo perfeito numa estadia excepcional. Gordon foi muito atencioso e acolhedor, gostamos de partilhar alguns momentos com ele. Adorei a localiza\u00e7\u00e3o e a casa em si. Uma das melhores estadias que j\u00e1 tive no Airbnb. Muito Obrigado Gordon, foi excelente.<\/p>\r\n\t\t                    <\/div>\r\n\t\t                    <div class=\"author\">\r\n                                \t\t                        <div class=\"author-info\">\r\n\t\t                            <h5>Angelo<\/h5>\r\n\t\t                            <span class=\"author-loacation\"><\/span>\r\n\t\t                        <\/div>\r\n\t\t                    <\/div>\r\n\t\t              <\/div>\r\n                <\/div>\r\n\r\n            \t\t\t\t\t\t\t\t<!-- TESTIMONIAL GRID ITEM -->\r\n                <div class=\"col-lg-4 col-sm-6 \">\r\n                    <div class=\"testimonial-item\">\r\n\t\t                  <div class=\"review\">\r\n\t\t                        <h3>Lovely and Clean<\/h3>\r\n                                <div class=\"rating\">\r\n                                    <i class=\"fa fa-star\" aria-hidden=\"true\"><\/i><i class=\"fa fa-star\" aria-hidden=\"true\"><\/i><i class=\"fa fa-star\" aria-hidden=\"true\"><\/i><i class=\"fa fa-star\" aria-hidden=\"true\"><\/i><i class=\"fa fa-star\" aria-hidden=\"true\"><\/i>                                <\/div>\r\n\t\t                        <p>Gordon&#039;s place is very lovely and clean. The beds were comfortable. There is a lovely outdoor eating area with a well equipped kitchen next to it. It was just a couple minutes walk from the shore.\r\nGordon was very easy to communicate with and always responds quickly. Checking in and out was easy.\r\nIt was a nice stay.\r\n<\/p>\r\n\t\t                    <\/div>\r\n\t\t                    <div class=\"author\">\r\n                                \t\t                        <div class=\"author-info\">\r\n\t\t                            <h5>Elizabeth<\/h5>\r\n\t\t                            <span class=\"author-loacation\">UK<\/span>\r\n\t\t                        <\/div>\r\n\t\t                    <\/div>\r\n\t\t              <\/div>\r\n                <\/div>\r\n\r\n            \t\t\t\t\t\t\t\t<!-- TESTIMONIAL GRID ITEM -->\r\n                <div class=\"col-lg-4 col-sm-6 \">\r\n                    <div class=\"testimonial-item\">\r\n\t\t                  <div class=\"review\">\r\n\t\t                        <h3>Unforgettable holidays<\/h3>\r\n                                <div class=\"rating\">\r\n                                    <i class=\"fa fa-star\" aria-hidden=\"true\"><\/i><i class=\"fa fa-star\" aria-hidden=\"true\"><\/i><i class=\"fa fa-star\" aria-hidden=\"true\"><\/i><i class=\"fa fa-star\" aria-hidden=\"true\"><\/i><i class=\"fa fa-star\" aria-hidden=\"true\"><\/i>                                <\/div>\r\n\t\t                        <p>Nous avons pass\u00e9 \u00e0 5 une semaine tr\u00e8s agr\u00e9able dans ce g\u00eete qui pr\u00e9sente 4 chambres spacieuses et une belle vue sur la mer. Le gite est tr\u00e8s bien situ\u00e9 pour rayonner sur Pag, Zadar (et les \u00eeles). L\\&#039;accueil a \u00e9t\u00e9 chaleureux et nos h\u00f4tes soucieux du bien \u00eatre de leurs locataires.<\/p>\r\n\t\t                    <\/div>\r\n\t\t                    <div class=\"author\">\r\n                                \t\t                        <div class=\"author-info\">\r\n\t\t                            <h5>Claudine Richter<\/h5>\r\n\t\t                            <span class=\"author-loacation\">France<\/span>\r\n\t\t                        <\/div>\r\n\t\t                    <\/div>\r\n\t\t              <\/div>\r\n                <\/div>\r\n\r\n            \t\t\t\t\t\t\t\t<!-- TESTIMONIAL GRID ITEM -->\r\n                <div class=\"col-lg-4 col-sm-6 \">\r\n                    <div class=\"testimonial-item\">\r\n\t\t                  <div class=\"review\">\r\n\t\t                        <h3>5 stars<\/h3>\r\n                                <div class=\"rating\">\r\n                                    <i class=\"fa fa-star\" aria-hidden=\"true\"><\/i><i class=\"fa fa-star\" aria-hidden=\"true\"><\/i><i class=\"fa fa-star\" aria-hidden=\"true\"><\/i><i class=\"fa fa-star\" aria-hidden=\"true\"><\/i><i class=\"fa fa-star\" aria-hidden=\"true\"><\/i>                                <\/div>\r\n\t\t                        <p>Po przyje\u017adzie byli\u015bmy bardzo zaskoczeni warunkami jak panuj\u0105 w apartamencie Zara, gdy\u017c wygl\u0105da\u0142 on lepiej ni\u017c na zdj\u0119ciach. W okolicy bardzo du\u017co sklep\u00f3w, a do pla\u017cy 3 min. Jeste\u015bmy bardzo zadowoleni z pobytu.<\/p>\r\n\t\t                    <\/div>\r\n\t\t                    <div class=\"author\">\r\n                                \t\t                        <div class=\"author-info\">\r\n\t\t                            <h5>Arkadiusz Krzanowski<\/h5>\r\n\t\t                            <span class=\"author-loacation\">Poland<\/span>\r\n\t\t                        <\/div>\r\n\t\t                    <\/div>\r\n\t\t              <\/div>\r\n                <\/div>\r\n\r\n            \t\t\t\t\t\t\t\t<!-- TESTIMONIAL GRID ITEM -->\r\n                <div class=\"col-lg-4 col-sm-6 \">\r\n                    <div class=\"testimonial-item\">\r\n\t\t                  <div class=\"review\">\r\n\t\t                        <h3>Preislich Top!<\/h3>\r\n                                <div class=\"rating\">\r\n                                    <i class=\"fa fa-star\" aria-hidden=\"true\"><\/i><i class=\"fa fa-star\" aria-hidden=\"true\"><\/i><i class=\"fa fa-star\" aria-hidden=\"true\"><\/i><i class=\"fa fa-star\" aria-hidden=\"true\"><\/i><i class=\"fa fa-star\" aria-hidden=\"true\"><\/i>                                <\/div>\r\n\t\t                        <p>Sehr sauber und gut ausgestattet. Preislich Top! Sehr guter Ausgangspunkt um die umliegenden Inseln (Vir, Pag) zu erkunden. Zadar ist mit dem Auto in 20 min. zu erreichen. Von dort auch viele M\u00f6glichkeiten f\u00fcr Tagestouren. Viele gute Restaurants in der N\u00e4he.<\/p>\r\n\t\t                    <\/div>\r\n\t\t                    <div class=\"author\">\r\n                                \t\t                        <div class=\"author-info\">\r\n\t\t                            <h5>Silvia Paschalis<\/h5>\r\n\t\t                            <span class=\"author-loacation\">Germany<\/span>\r\n\t\t                        <\/div>\r\n\t\t                    <\/div>\r\n\t\t              <\/div>\r\n                <\/div>\r\n\r\n            \t\t\t\t\t\t\t\t<!-- TESTIMONIAL GRID ITEM -->\r\n                <div class=\"col-lg-4 col-sm-6 \">\r\n                    <div class=\"testimonial-item\">\r\n\t\t                  <div class=\"review\">\r\n\t\t                        <h3>Wir waren sehr zufrieden<\/h3>\r\n                                <div class=\"rating\">\r\n                                    <i class=\"fa fa-star\" aria-hidden=\"true\"><\/i><i class=\"fa fa-star\" aria-hidden=\"true\"><\/i><i class=\"fa fa-star\" aria-hidden=\"true\"><\/i><i class=\"fa fa-star\" aria-hidden=\"true\"><\/i><i class=\"fa fa-star\" aria-hidden=\"true\"><\/i>                                <\/div>\r\n\t\t                        <p>Die Ferienwohnung hat uns sehr gefallen, sie war sauber, die K\u00fcche war sehr gut ausgestattet. Wir waren sehr zufrieden, die Gastgeber waren sehr freundlich.<\/p>\r\n\t\t                    <\/div>\r\n\t\t                    <div class=\"author\">\r\n                                \t\t                        <div class=\"author-info\">\r\n\t\t                            <h5>Michaela Huben\u00e1<\/h5>\r\n\t\t                            <span class=\"author-loacation\">Czechia<\/span>\r\n\t\t                        <\/div>\r\n\t\t                    <\/div>\r\n\t\t              <\/div>\r\n                <\/div>\r\n\r\n            \t\t\t\t\t\t\t\t<!-- TESTIMONIAL GRID ITEM -->\r\n                <div class=\"col-lg-4 col-sm-6 \">\r\n                    <div class=\"testimonial-item\">\r\n\t\t                  <div class=\"review\">\r\n\t\t                        <h3>HVALA ZA LEPO PRE\u017dIVET DOPUST<\/h3>\r\n                                <div class=\"rating\">\r\n                                    <i class=\"fa fa-star\" aria-hidden=\"true\"><\/i><i class=\"fa fa-star\" aria-hidden=\"true\"><\/i><i class=\"fa fa-star\" aria-hidden=\"true\"><\/i><i class=\"fa fa-star\" aria-hidden=\"true\"><\/i><i class=\"fa fa-star\" aria-hidden=\"true\"><\/i>                                <\/div>\r\n\t\t                        <p>Bili ste \u010dudoviti z nami! Ostanite zdravi - nasvidenje prihodnje leto.<\/p>\r\n\t\t                    <\/div>\r\n\t\t                    <div class=\"author\">\r\n                                \t\t                        <div class=\"author-info\">\r\n\t\t                            <h5>Urbani\u010devi<\/h5>\r\n\t\t                            <span class=\"author-loacation\">Slovenia<\/span>\r\n\t\t                        <\/div>\r\n\t\t                    <\/div>\r\n\t\t              <\/div>\r\n                <\/div>\r\n\r\n                                <\/div>\r\n\r\n        [\/vc_column][\/vc_row]<\/p>\n<\/div>","protected":false},"excerpt":{"rendered":"<p>[vc_row][vc_column][\/vc_column][\/vc_row]<\/p>\n","protected":false},"author":1,"featured_media":0,"parent":0,"menu_order":0,"comment_status":"closed","ping_status":"closed","template":"","meta":{"footnotes":""},"class_list":["post-4228","page","type-page","status-publish","hentry"],"_links":{"self":[{"href":"https:\/\/apartma-zara.com\/de\/wp-json\/wp\/v2\/pages\/4228","targetHints":{"allow":["GET"]}}],"collection":[{"href":"https:\/\/apartma-zara.com\/de\/wp-json\/wp\/v2\/pages"}],"about":[{"href":"https:\/\/apartma-zara.com\/de\/wp-json\/wp\/v2\/types\/page"}],"author":[{"embeddable":true,"href":"https:\/\/apartma-zara.com\/de\/wp-json\/wp\/v2\/users\/1"}],"replies":[{"embeddable":true,"href":"https:\/\/apartma-zara.com\/de\/wp-json\/wp\/v2\/comments?post=4228"}],"version-history":[{"count":0,"href":"https:\/\/apartma-zara.com\/de\/wp-json\/wp\/v2\/pages\/4228\/revisions"}],"wp:attachment":[{"href":"https:\/\/apartma-zara.com\/de\/wp-json\/wp\/v2\/media?parent=4228"}],"curies":[{"name":"wp","href":"https:\/\/api.w.org\/{rel}","templated":true}]}}