{"id":4216,"date":"2021-07-10T10:12:36","date_gmt":"2021-07-10T10:12:36","guid":{"rendered":"https:\/\/apartma-zara.com\/amenities\/"},"modified":"2026-02-08T16:26:28","modified_gmt":"2026-02-08T16:26:28","slug":"ausstattung","status":"publish","type":"page","link":"https:\/\/apartma-zara.com\/de\/ausstattung\/","title":{"rendered":"Ausstattung"},"content":{"rendered":"<div class=\"wpb-content-wrapper\"><p>[vc_row][vc_column][vc_column_text css=&#8221;&#8221;]<\/p>\r\n<h1 data-start=\"1388\" data-end=\"1436\">Apartment-Ausstattung in Kroatien nahe Zadar<\/h1>\r\n<p data-start=\"1438\" data-end=\"1914\">Apartma Zara bietet alles, was Sie f\u00fcr einen entspannten und komfortablen Urlaub am Meer in Kroatien ben\u00f6tigen.<br data-start=\"1549\" data-end=\"1552\" \/>Den G\u00e4sten stehen eine gro\u00dfe Terrasse mit Grill, eine voll ausgestattete K\u00fcche, kostenloses WLAN, Klimaanlage, familienfreundliche Bereiche sowie zahlreiche Aktivit\u00e4ten in der N\u00e4he zur Verf\u00fcgung.<br data-start=\"1747\" data-end=\"1750\" \/>Unsere Ausstattung ist ideal f\u00fcr Familien und Gruppen, die Komfort, Privatsph\u00e4re und einen stressfreien Sommerurlaub in der N\u00e4he von Zadar und der Insel Pag suchen.<\/p>\r\n<p>&nbsp;<\/p>\r\n<!-- \/wp:post-content -->\r\n<p><!-- wp:paragraph --><img decoding=\"async\" class=\"alignnone wp-image-3241 size-full\" src=\"https:\/\/apartma-zara.com\/wp-content\/uploads\/2025\/05\/apartma-zara-bbq-and-big-outdoor-table.webp\" alt=\"Outdoor BBQ terrace at Apartma Zara apartment Croatia \" width=\"800\" height=\"522\" srcset=\"https:\/\/apartma-zara.com\/wp-content\/uploads\/2025\/05\/apartma-zara-bbq-and-big-outdoor-table.webp 800w, https:\/\/apartma-zara.com\/wp-content\/uploads\/2025\/05\/apartma-zara-bbq-and-big-outdoor-table-300x196.webp 300w, https:\/\/apartma-zara.com\/wp-content\/uploads\/2025\/05\/apartma-zara-bbq-and-big-outdoor-table-768x501.webp 768w, https:\/\/apartma-zara.com\/wp-content\/uploads\/2025\/05\/apartma-zara-bbq-and-big-outdoor-table-720x470.webp 720w, https:\/\/apartma-zara.com\/wp-content\/uploads\/2025\/05\/apartma-zara-bbq-and-big-outdoor-table-80x52.webp 80w\" sizes=\"(max-width: 800px) 100vw, 800px\" \/><\/p>\r\n<h2 data-start=\"1916\" data-end=\"1942\">Au\u00dfen-Grill &amp; Terrasse<\/h2>\r\n<p data-start=\"1943\" data-end=\"2101\">Genie\u00dfen Sie warme Sommerabende auf der gro\u00dfen Terrasse mit traditionellem Stein-Grill \u2013 perfekt f\u00fcr Familienessen und entspannte Abende nach einem Strandtag.<\/p>\r\n<p>&nbsp;<\/p>\r\n<!-- wp:paragraph -->\r\n<h3><strong><img decoding=\"async\" class=\"alignnone wp-image-3248 size-full\" src=\"https:\/\/apartma-zara.com\/wp-content\/uploads\/2025\/05\/Rtina-beach.webp\" alt=\"Rtina village near Zadar Croatia aerial view near Apartma Zara \" width=\"800\" height=\"522\" srcset=\"https:\/\/apartma-zara.com\/wp-content\/uploads\/2025\/05\/Rtina-beach.webp 800w, https:\/\/apartma-zara.com\/wp-content\/uploads\/2025\/05\/Rtina-beach-300x196.webp 300w, https:\/\/apartma-zara.com\/wp-content\/uploads\/2025\/05\/Rtina-beach-768x501.webp 768w, https:\/\/apartma-zara.com\/wp-content\/uploads\/2025\/05\/Rtina-beach-720x470.webp 720w, https:\/\/apartma-zara.com\/wp-content\/uploads\/2025\/05\/Rtina-beach-80x52.webp 80w\" sizes=\"(max-width: 800px) 100vw, 800px\" \/><\/strong><\/h3>\r\n<h2 data-start=\"2103\" data-end=\"2134\">Str\u00e4nde &amp; Baden in der N\u00e4he<\/h2>\r\n<p data-start=\"2135\" data-end=\"2308\">Das kristallklare Adriatische Meer und familienfreundliche Str\u00e4nde sind nur wenige Gehminuten vom Apartment entfernt. Perfekt zum Schwimmen, Sonnenbaden und f\u00fcr Wassersport.<\/p>\r\n<p>&nbsp;<\/p>\r\n<p><img decoding=\"async\" class=\"alignnone wp-image-3245 size-full\" src=\"https:\/\/apartma-zara.com\/wp-content\/uploads\/2025\/05\/apartma-zara-game-room.webp\" alt=\"Dining area in family apartment Apartma Zara Croatia \" width=\"800\" height=\"522\" srcset=\"https:\/\/apartma-zara.com\/wp-content\/uploads\/2025\/05\/apartma-zara-game-room.webp 800w, https:\/\/apartma-zara.com\/wp-content\/uploads\/2025\/05\/apartma-zara-game-room-300x196.webp 300w, https:\/\/apartma-zara.com\/wp-content\/uploads\/2025\/05\/apartma-zara-game-room-768x501.webp 768w, https:\/\/apartma-zara.com\/wp-content\/uploads\/2025\/05\/apartma-zara-game-room-720x470.webp 720w, https:\/\/apartma-zara.com\/wp-content\/uploads\/2025\/05\/apartma-zara-game-room-80x52.webp 80w\" sizes=\"(max-width: 800px) 100vw, 800px\" \/><\/p>\r\n<h2 data-start=\"2310\" data-end=\"2352\">Familien- &amp; kinderfreundlicher Bereich<\/h2>\r\n<p data-start=\"2353\" data-end=\"2483\">Familien mit Kindern sind herzlich willkommen. Das Apartment bietet Platz zum Spielen, Entspannen und f\u00fcr gemeinsame Familienzeit.<\/p>\r\n<p><img decoding=\"async\" class=\"alignnone wp-image-2346 size-full\" src=\"https:\/\/apartma-zara.com\/wp-content\/uploads\/2021\/07\/Amenities-800x522-4.png\" alt=\"Restaurant and evening atmosphere near Apartma Zara Croatia \" width=\"800\" height=\"522\" srcset=\"https:\/\/apartma-zara.com\/wp-content\/uploads\/2021\/07\/Amenities-800x522-4.png 800w, https:\/\/apartma-zara.com\/wp-content\/uploads\/2021\/07\/Amenities-800x522-4-300x196.png 300w, https:\/\/apartma-zara.com\/wp-content\/uploads\/2021\/07\/Amenities-800x522-4-768x501.png 768w, https:\/\/apartma-zara.com\/wp-content\/uploads\/2021\/07\/Amenities-800x522-4-720x470.png 720w, https:\/\/apartma-zara.com\/wp-content\/uploads\/2021\/07\/Amenities-800x522-4-80x52.png 80w\" sizes=\"(max-width: 800px) 100vw, 800px\" \/><\/p>\r\n<h2 data-start=\"2485\" data-end=\"2515\">Restaurants &amp; lokale K\u00fcche<\/h2>\r\n<p data-start=\"2516\" data-end=\"2681\">Mehrere Restaurants und ein Camping-Resort befinden sich weniger als 10 Minuten entfernt und bieten dalmatinische Spezialit\u00e4ten, Meeresfr\u00fcchte und Abendunterhaltung.<\/p>\r\n<p>&nbsp;<\/p>\r\n<p><img decoding=\"async\" class=\"alignnone wp-image-3243 size-full\" src=\"https:\/\/apartma-zara.com\/wp-content\/uploads\/2025\/05\/apartma-zara-big-kitchen.webp\" alt=\"Fully equipped kitchen in Apartma Zara apartment Croatia \" width=\"800\" height=\"522\" srcset=\"https:\/\/apartma-zara.com\/wp-content\/uploads\/2025\/05\/apartma-zara-big-kitchen.webp 800w, https:\/\/apartma-zara.com\/wp-content\/uploads\/2025\/05\/apartma-zara-big-kitchen-300x196.webp 300w, https:\/\/apartma-zara.com\/wp-content\/uploads\/2025\/05\/apartma-zara-big-kitchen-768x501.webp 768w, https:\/\/apartma-zara.com\/wp-content\/uploads\/2025\/05\/apartma-zara-big-kitchen-720x470.webp 720w, https:\/\/apartma-zara.com\/wp-content\/uploads\/2025\/05\/apartma-zara-big-kitchen-80x52.webp 80w\" sizes=\"(max-width: 800px) 100vw, 800px\" \/><\/p>\r\n<h2 data-start=\"2683\" data-end=\"2692\">K\u00fcche<\/h2>\r\n<p data-start=\"2693\" data-end=\"2842\">Voll ausgestattete K\u00fcche mit allem, was zur Zubereitung von Mahlzeiten ben\u00f6tigt wird, inklusive Backofen, Herd, K\u00fchlschrank, Geschirr und Essbereich.<\/p>\r\n<p><!-- \/wp:paragraph -->\u00a0<\/p>\r\n<p>[\/vc_column_text][\/vc_column][\/vc_row]<\/p><\/div>","protected":false},"excerpt":{"rendered":"<p>[vc_row][vc_column][vc_column_text css=&#8221;&#8221;] Apartment-Ausstattung in Kroatien nahe Zadar Apartma Zara bietet alles, was Sie f\u00fcr einen entspannten und komfortablen Urlaub am Meer in Kroatien ben\u00f6tigen.Den G\u00e4sten stehen eine gro\u00dfe Terrasse mit Grill, eine voll ausgestattete K\u00fcche, kostenloses WLAN, Klimaanlage, familienfreundliche Bereiche sowie zahlreiche Aktivit\u00e4ten in der N\u00e4he zur Verf\u00fcgung.Unsere Ausstattung ist ideal f\u00fcr Familien und Gruppen, [&hellip;]<\/p>\n","protected":false},"author":1,"featured_media":0,"parent":0,"menu_order":0,"comment_status":"closed","ping_status":"closed","template":"","meta":{"footnotes":""},"class_list":["post-4216","page","type-page","status-publish","hentry"],"_links":{"self":[{"href":"https:\/\/apartma-zara.com\/de\/wp-json\/wp\/v2\/pages\/4216","targetHints":{"allow":["GET"]}}],"collection":[{"href":"https:\/\/apartma-zara.com\/de\/wp-json\/wp\/v2\/pages"}],"about":[{"href":"https:\/\/apartma-zara.com\/de\/wp-json\/wp\/v2\/types\/page"}],"author":[{"embeddable":true,"href":"https:\/\/apartma-zara.com\/de\/wp-json\/wp\/v2\/users\/1"}],"replies":[{"embeddable":true,"href":"https:\/\/apartma-zara.com\/de\/wp-json\/wp\/v2\/comments?post=4216"}],"version-history":[{"count":0,"href":"https:\/\/apartma-zara.com\/de\/wp-json\/wp\/v2\/pages\/4216\/revisions"}],"wp:attachment":[{"href":"https:\/\/apartma-zara.com\/de\/wp-json\/wp\/v2\/media?parent=4216"}],"curies":[{"name":"wp","href":"https:\/\/api.w.org\/{rel}","templated":true}]}}