{"id":4215,"date":"2021-07-10T10:39:51","date_gmt":"2021-07-10T10:39:51","guid":{"rendered":"https:\/\/apartma-zara.com\/faq\/"},"modified":"2026-02-09T17:15:14","modified_gmt":"2026-02-09T17:15:14","slug":"faq","status":"publish","type":"page","link":"https:\/\/apartma-zara.com\/de\/faq\/","title":{"rendered":"H\u00e4ufig gestellte Fragen \u2013 Apartma Zara Kroatien"},"content":{"rendered":"<div class=\"wpb-content-wrapper\"><p>[vc_row][vc_column width=&#8221;1\/2&#8243;][vc_single_image image=&#8221;3965&#8243; img_size=&#8221;full&#8221; alignment=&#8221;center&#8221;][\/vc_column][vc_column width=&#8221;1\/2&#8243;][vc_toggle title=&#8221;Wie weit ist das Apartment vom Strand entfernt?&#8221; css=&#8221;&#8221;]Der Strand ist nur wenige Gehminuten entfernt (ca. 200 Meter). Perfekt f\u00fcr Familien mit Kindern und entspannte Sommertage.[\/vc_toggle][vc_toggle title=&#8221;Wie viele G\u00e4ste k\u00f6nnen im Apartment \u00fcbernachten?&#8221; css=&#8221;&#8221;]<\/p>\n<p data-start=\"723\" data-end=\"863\">Apartma Zara bietet Platz f\u00fcr bis zu 8 G\u00e4ste. Das Apartment verf\u00fcgt \u00fcber 4 Schlafzimmer und 2 Badezimmer und ist ideal f\u00fcr Familien und Gruppen.<\/p>\n<p>[\/vc_toggle][vc_toggle title=&#8221;Ist das Apartment f\u00fcr Familien mit Kindern geeignet?&#8221; css=&#8221;&#8221;]<\/p>\n<p data-start=\"928\" data-end=\"1059\">a \ud83d\ude42 Das Apartment ist familienfreundlich und bietet gro\u00dfz\u00fcgige Innen- und Au\u00dfenbereiche, eine Terrasse, einen Grill und kinderfreundliche Str\u00e4nde in der N\u00e4he.<\/p>\n<p>[\/vc_toggle][vc_toggle title=&#8221;Gibt es Parkm\u00f6glichkeiten?&#8221; css=&#8221;&#8221;]<\/p>\n<p data-start=\"1092\" data-end=\"1146\">Ja, kostenlose Privatparkpl\u00e4tze stehen den G\u00e4sten zur Verf\u00fcgung.<\/p>\n<p>[\/vc_toggle][vc_toggle title=&#8221;Gibt es WI-FI und Klimaanlage?&#8221; css=&#8221;&#8221;]Ja. Das Apartment bietet kostenloses WLAN und Klimaanlage f\u00fcr einen komfortablen Aufenthalt.[\/vc_toggle][vc_toggle title=&#8221;Sind Haustiere erlaubt?&#8221; css=&#8221;&#8221;]<\/p>\n<p data-start=\"1323\" data-end=\"1385\">Haustiere sind auf Anfrage willkommen. Bitte kontaktieren Sie uns vor der Buchung.<\/p>\n<p>[\/vc_toggle][vc_toggle title=&#8221;Wie sind die Check-in und Check-out Zeiten?&#8221; css=&#8221;&#8221;]Check-in: ab 15:00<br data-start=\"2315\" data-end=\"2318\" \/>Check-out: bis 10:00[\/vc_toggle][vc_toggle title=&#8221;Wie weit ist das Apartment von Zadar entfernt?&#8221; css=&#8221;&#8221;]Zadar ist etwa 20 Minuten mit dem Auto entfernt und bietet historische Sehensw\u00fcrdigkeiten, Restaurants und Nachtleben.[\/vc_toggle][vc_toggle title=&#8221;Wird das Apartment komplett vermietet?&#8221; css=&#8221;&#8221;]<\/p>\n<p data-start=\"1674\" data-end=\"1753\">Ja. G\u00e4ste mieten immer das gesamte Apartment, was Privatsph\u00e4re und Komfort garantiert.<\/p>\n<p>[\/vc_toggle][\/vc_column][\/vc_row]<\/p>\n<\/div>","protected":false},"excerpt":{"rendered":"<p>[vc_row][vc_column width=&#8221;1\/2&#8243;][vc_single_image image=&#8221;3965&#8243; img_size=&#8221;full&#8221; alignment=&#8221;center&#8221;][\/vc_column][vc_column width=&#8221;1\/2&#8243;][vc_toggle title=&#8221;Wie weit ist das Apartment vom Strand entfernt?&#8221; css=&#8221;&#8221;]Der Strand ist nur wenige Gehminuten entfernt (ca. 200 Meter). Perfekt f\u00fcr Familien mit Kindern und entspannte Sommertage.[\/vc_toggle][vc_toggle title=&#8221;Wie viele G\u00e4ste k\u00f6nnen im Apartment \u00fcbernachten?&#8221; css=&#8221;&#8221;] Apartma Zara bietet Platz f\u00fcr bis zu 8 G\u00e4ste. Das Apartment verf\u00fcgt \u00fcber 4 Schlafzimmer [&hellip;]<\/p>\n","protected":false},"author":1,"featured_media":0,"parent":0,"menu_order":0,"comment_status":"closed","ping_status":"closed","template":"","meta":{"footnotes":""},"class_list":["post-4215","page","type-page","status-publish","hentry"],"_links":{"self":[{"href":"https:\/\/apartma-zara.com\/de\/wp-json\/wp\/v2\/pages\/4215","targetHints":{"allow":["GET"]}}],"collection":[{"href":"https:\/\/apartma-zara.com\/de\/wp-json\/wp\/v2\/pages"}],"about":[{"href":"https:\/\/apartma-zara.com\/de\/wp-json\/wp\/v2\/types\/page"}],"author":[{"embeddable":true,"href":"https:\/\/apartma-zara.com\/de\/wp-json\/wp\/v2\/users\/1"}],"replies":[{"embeddable":true,"href":"https:\/\/apartma-zara.com\/de\/wp-json\/wp\/v2\/comments?post=4215"}],"version-history":[{"count":2,"href":"https:\/\/apartma-zara.com\/de\/wp-json\/wp\/v2\/pages\/4215\/revisions"}],"predecessor-version":[{"id":4518,"href":"https:\/\/apartma-zara.com\/de\/wp-json\/wp\/v2\/pages\/4215\/revisions\/4518"}],"wp:attachment":[{"href":"https:\/\/apartma-zara.com\/de\/wp-json\/wp\/v2\/media?parent=4215"}],"curies":[{"name":"wp","href":"https:\/\/api.w.org\/{rel}","templated":true}]}}