{"id":4213,"date":"2021-07-17T10:40:10","date_gmt":"2021-07-17T10:40:10","guid":{"rendered":"https:\/\/apartma-zara.com\/house-rules\/"},"modified":"2026-02-09T17:43:31","modified_gmt":"2026-02-09T17:43:31","slug":"house-rules","status":"publish","type":"page","link":"https:\/\/apartma-zara.com\/de\/house-rules\/","title":{"rendered":"House Rules"},"content":{"rendered":"<h1 data-start=\"780\" data-end=\"809\">Hausordnung des Apartments<\/h1>\r\n<h2 data-start=\"811\" data-end=\"902\">Bitte nehmen Sie sich einen Moment Zeit und lesen Sie die Hausordnung vor Ihrem Aufenthalt.<\/h2>\r\n<!-- \/wp:post-content -->\r\n<p><!-- wp:paragraph --> <img decoding=\"async\" class=\"alignnone wp-image-2635 size-large\" src=\"https:\/\/apartma-zara.com\/wp-content\/uploads\/2021\/07\/House-rules-1024x576.png\" alt=\"\" width=\"1024\" height=\"576\" srcset=\"https:\/\/apartma-zara.com\/wp-content\/uploads\/2021\/07\/House-rules-1024x576.png 1024w, https:\/\/apartma-zara.com\/wp-content\/uploads\/2021\/07\/House-rules-300x169.png 300w, https:\/\/apartma-zara.com\/wp-content\/uploads\/2021\/07\/House-rules-768x432.png 768w, https:\/\/apartma-zara.com\/wp-content\/uploads\/2021\/07\/House-rules-80x45.png 80w, https:\/\/apartma-zara.com\/wp-content\/uploads\/2021\/07\/House-rules-1536x864.png 1536w, https:\/\/apartma-zara.com\/wp-content\/uploads\/2021\/07\/House-rules.png 1920w\" sizes=\"(max-width: 1024px) 100vw, 1024px\" \/><\/p>\r\n<!-- \/wp:paragraph -->\r\n\r\n<!-- wp:preformatted -->\r\n<ul>\r\n<li class=\"wp-block-preformatted\">\r\n<p data-start=\"904\" data-end=\"1000\">Bitte lesen Sie die Hausordnung des Apartments vor Ihrem Aufenthalt im Apartma Zara in Kroatien.<\/p>\r\n<h3 data-start=\"1002\" data-end=\"1028\">CHECK-IN \/ CHECK-OUT<\/h3>\r\n<p data-start=\"1029\" data-end=\"1072\">Check-in: ab 15:00<br data-start=\"1047\" data-end=\"1050\" \/>Check-out: bis 10:00<\/p>\r\n<h3 data-start=\"1074\" data-end=\"1105\">W\u00c4HREND IHRES AUFENTHALTS<\/h3>\r\n<p data-start=\"1106\" data-end=\"1414\">\u2022 Bitte respektieren Sie die Nachbarn und halten Sie nachts die Lautst\u00e4rke gering<br data-start=\"1187\" data-end=\"1190\" \/>\u2022 Partys und laute Veranstaltungen sind nicht erlaubt<br data-start=\"1243\" data-end=\"1246\" \/>\u2022 Rauchen ist nur auf der Terrasse und im Au\u00dfenbereich erlaubt<br data-start=\"1308\" data-end=\"1311\" \/>\u2022 Haustiere sind auf Anfrage willkommen<br data-start=\"1350\" data-end=\"1353\" \/>\u2022 Bitte behandeln Sie das Apartment wie Ihr eigenes Zuhause<\/p>\r\n<h3 data-start=\"1416\" data-end=\"1429\">SCH\u00c4DEN<\/h3>\r\n<p data-start=\"1430\" data-end=\"1514\">G\u00e4ste sind f\u00fcr alle Sch\u00e4den verantwortlich, die w\u00e4hrend ihres Aufenthalts entstehen.<\/p>\r\n<p data-start=\"1516\" data-end=\"1655\">Vielen Dank f\u00fcr Ihr Verst\u00e4ndnis und daf\u00fcr, dass Sie sich um unser Zuhause k\u00fcmmern.<br data-start=\"1598\" data-end=\"1601\" \/>Wir w\u00fcnschen Ihnen einen sch\u00f6nen Urlaub in Kroatien \u2600\ufe0f<\/p>\r\n<\/li>\r\n<\/ul>\r\n<!-- \/wp:preformatted -->\r\n<p>&nbsp;<\/p>\r\n<!-- \/wp:paragraph -->","protected":false},"excerpt":{"rendered":"<p>Hausordnung des Apartments Bitte nehmen Sie sich einen Moment Zeit und lesen Sie die Hausordnung vor Ihrem Aufenthalt. Bitte lesen Sie die Hausordnung des Apartments vor Ihrem Aufenthalt im Apartma Zara in Kroatien. CHECK-IN \/ CHECK-OUT Check-in: ab 15:00Check-out: bis 10:00 W\u00c4HREND IHRES AUFENTHALTS \u2022 Bitte respektieren Sie die Nachbarn und halten Sie nachts die [&hellip;]<\/p>\n","protected":false},"author":1,"featured_media":3997,"parent":0,"menu_order":0,"comment_status":"closed","ping_status":"closed","template":"","meta":{"footnotes":""},"class_list":["post-4213","page","type-page","status-publish","has-post-thumbnail","hentry"],"_links":{"self":[{"href":"https:\/\/apartma-zara.com\/de\/wp-json\/wp\/v2\/pages\/4213","targetHints":{"allow":["GET"]}}],"collection":[{"href":"https:\/\/apartma-zara.com\/de\/wp-json\/wp\/v2\/pages"}],"about":[{"href":"https:\/\/apartma-zara.com\/de\/wp-json\/wp\/v2\/types\/page"}],"author":[{"embeddable":true,"href":"https:\/\/apartma-zara.com\/de\/wp-json\/wp\/v2\/users\/1"}],"replies":[{"embeddable":true,"href":"https:\/\/apartma-zara.com\/de\/wp-json\/wp\/v2\/comments?post=4213"}],"version-history":[{"count":1,"href":"https:\/\/apartma-zara.com\/de\/wp-json\/wp\/v2\/pages\/4213\/revisions"}],"predecessor-version":[{"id":4532,"href":"https:\/\/apartma-zara.com\/de\/wp-json\/wp\/v2\/pages\/4213\/revisions\/4532"}],"wp:featuredmedia":[{"embeddable":true,"href":"https:\/\/apartma-zara.com\/de\/wp-json\/wp\/v2\/media\/3997"}],"wp:attachment":[{"href":"https:\/\/apartma-zara.com\/de\/wp-json\/wp\/v2\/media?parent=4213"}],"curies":[{"name":"wp","href":"https:\/\/api.w.org\/{rel}","templated":true}]}}